{"id":847,"date":"2023-02-06T08:59:47","date_gmt":"2023-02-06T08:59:47","guid":{"rendered":"https:\/\/dev.silvernurseeu.com\/faqs\/"},"modified":"2023-05-01T18:58:23","modified_gmt":"2023-05-01T18:58:23","slug":"faqs","status":"publish","type":"page","link":"https:\/\/www.silvernurseeu.com\/cs\/faqs\/","title":{"rendered":"FAQ&#8217;s"},"content":{"rendered":"  <div id=\"page-header-1843948591\" class=\"page-header-wrapper\">\n  <div class=\"page-title dark normal-title\">\n\n        <div class=\"page-title-bg\">\n      <div class=\"title-bg fill bg-fill\"\n        data-parallax-container=\".page-title\"\n        data-parallax-background\n        data-parallax=\"-\">\n      <\/div>\n      <div class=\"title-overlay fill\"><\/div>\n    <\/div>\n    \n    <div class=\"page-title-inner container align-center flex-row medium-flex-wrap\" >\n              <div class=\"title-wrapper flex-col text-left medium-text-center\">\n          <h1 class=\"entry-title mb-0\">\n            FAQ&#8217;s          <\/h1>\n        <\/div>\n                    <div class=\"title-content flex-col flex-right text-right medium-text-center\">\n        <div class=\"title-breadcrumbs pb-half pt-half\"><nav class=\"woocommerce-breadcrumb breadcrumbs uppercase\">Dom\u016f<\/nav><\/div>      <\/div>\n    <\/div>\n\n     \n<style>\n#page-header-1843948591 .title-overlay {\n  background-color: rgba(255,255,255,.5);\n}\n#page-header-1843948591 .normal-title {\n  background-color: #a16695;\n}\n<\/style>\n  <\/div>\n    <\/div>\n  \n<div class=\"container section-title-container\" style=\"margin-top:30px;\"><h3 class=\"section-title section-title-normal\"><b><\/b><span class=\"section-title-main\" >Z\u00e1klady SilverNurse<\/span><b><\/b><\/h3><\/div>\n<div class=\"row\"  id=\"row-115725047\">\n\n\t<div id=\"col-1674210746\" class=\"col small-12 large-12\"  >\n\t\t\t\t<div class=\"col-inner\"  >\n\t\t\t\n\t\t\t\n<div class=\"accordion\">\n\t<div id=\"accordion-2670794609\" class=\"accordion-item\">\n\t\t<a id=\"accordion-2670794609-label\" class=\"accordion-title plain\" href=\"#accordion-item-kdy-by-se-m\u011bl-silvernurse-pou\u017e\u00edt?\" aria-expanded=\"false\" aria-controls=\"accordion-2670794609-content\" >\n\t\t\t<button class=\"toggle\" aria-label=\"P\u0159epnout\"><i class=\"icon-angle-down\"><\/i><\/button>\n\t\t\t<span>Kdy by se m\u011bl SilverNurse pou\u017e\u00edt?<\/span>\n\t\t<\/a>\n\t\t<div id=\"accordion-2670794609-content\" class=\"accordion-inner\" aria-labelledby=\"accordion-2670794609-label\" >\n\t\t\t\n<p>Preventivn\u011b se d\u00e1 u\u017e\u00edvat 2 (dva) t\u00fddny p\u0159ed porodem, ale je v po\u0159\u00e1dku za\u010d\u00edt s u\u017e\u00edv\u00e1n\u00edm hned po porodu. \u010c\u00edm d\u00e9le jej po porodu m\u016f\u017eeme pou\u017e\u00edvat, t\u00edm lep\u0161\u00edch v\u00fdsledk\u016f m\u016f\u017eeme dos\u00e1hnout.<\/p>\n\t\t<\/div>\n\t<\/div>\n\t\n\t<div id=\"accordion-2219237747\" class=\"accordion-item\">\n\t\t<a id=\"accordion-2219237747-label\" class=\"accordion-title plain\" href=\"#accordion-item-je-v-po\u0159\u00e1dku-pou\u017e\u00edvat-silvernurse-s-jin\u00fdmi-produkty?\" aria-expanded=\"false\" aria-controls=\"accordion-2219237747-content\" >\n\t\t\t<button class=\"toggle\" aria-label=\"P\u0159epnout\"><i class=\"icon-angle-down\"><\/i><\/button>\n\t\t\t<span>Je v po\u0159\u00e1dku pou\u017e\u00edvat SilverNurse s jin\u00fdmi produkty?<\/span>\n\t\t<\/a>\n\t\t<div id=\"accordion-2219237747-content\" class=\"accordion-inner\" aria-labelledby=\"accordion-2219237747-label\" >\n\t\t\t\n<p>SilverNurse m\u016f\u017eete pou\u017e\u00edvat s prsn\u00ed vlo\u017ekou nebo ods\u00e1va\u010dkou.<br \/>\nPokud ji budete pou\u017e\u00edvat s prsn\u00ed vlo\u017ekou, m\u016f\u017eete SilverNurse um\u00edstit na bradavky a pot\u00e9 na ni prsn\u00ed vlo\u017eku pou\u017e\u00edt.<br \/>\nNen\u00ed na \u0161kodu ho pou\u017e\u00edt po dojen\u00ed pomoc\u00ed ods\u00e1va\u010dky ml\u00e9ka.<\/p>\n\t\t<\/div>\n\t<\/div>\n\t\n\t<div id=\"accordion-4211931699\" class=\"accordion-item\">\n\t\t<a id=\"accordion-4211931699-label\" class=\"accordion-title plain\" href=\"#accordion-item-co-je-t\u0159eba-zv\u00e1\u017eit-p\u0159i-pou\u017e\u00edv\u00e1n\u00ed-silvernurse\" aria-expanded=\"false\" aria-controls=\"accordion-4211931699-content\" >\n\t\t\t<button class=\"toggle\" aria-label=\"P\u0159epnout\"><i class=\"icon-angle-down\"><\/i><\/button>\n\t\t\t<span>Co je t\u0159eba zv\u00e1\u017eit p\u0159i pou\u017e\u00edv\u00e1n\u00ed SilverNurse<\/span>\n\t\t<\/a>\n\t\t<div id=\"accordion-4211931699-content\" class=\"accordion-inner\" aria-labelledby=\"accordion-4211931699-label\" >\n\t\t\t\n<p>P\u0159i pou\u017e\u00edv\u00e1n\u00ed SilverNurse nedoporu\u010dujeme pou\u017e\u00edvat \u017e\u00e1dn\u00fd kr\u00e9m nebo l\u00e9ky na bradavky. Pou\u017eit\u00ed spole\u010dn\u011b s kr\u00e9mem m\u016f\u017ee sn\u00ed\u017eit jeho \u00fa\u010dinnost. Pokud si mysl\u00edte, \u017ee pach zbytk\u016f ml\u00e9ka m\u016f\u017ee va\u0161e d\u00edt\u011b po vyjmut\u00ed SilverNurse dr\u00e1\u017edit, m\u016f\u017eete si bradavky jemn\u011b um\u00fdt nebo je ot\u0159\u00edt bez podr\u00e1\u017ed\u011bn\u00ed.<\/p>\n\t\t<\/div>\n\t<\/div>\n\t\n\t<div id=\"accordion-3125609225\" class=\"accordion-item\">\n\t\t<a id=\"accordion-3125609225-label\" class=\"accordion-title plain\" href=\"#accordion-item-jak-mohu-vy\u010distit-silvernurse?\" aria-expanded=\"false\" aria-controls=\"accordion-3125609225-content\" >\n\t\t\t<button class=\"toggle\" aria-label=\"P\u0159epnout\"><i class=\"icon-angle-down\"><\/i><\/button>\n\t\t\t<span>Jak mohu vy\u010distit SilverNurse?<\/span>\n\t\t<\/a>\n\t\t<div id=\"accordion-3125609225-content\" class=\"accordion-inner\" aria-labelledby=\"accordion-3125609225-label\" >\n\t\t\t\n<p>M\u016f\u017eete ji bezpodm\u00edne\u010dn\u011b pou\u017e\u00edvat od chv\u00edle, kdy se poprv\u00e9 setk\u00e1te se SilverNurse. St\u0159\u00edbro m\u00e1 funkci samodezinfekce, tak\u017ee jej nemus\u00edte \u010dasto pr\u00e1t. V\u00fdrobek m\u016f\u017eete vy\u010distit omyt\u00edm jedlou sodou jednou za m\u011bs\u00edc. Po tomto procesu doporu\u010dujeme opl\u00e1chnout velk\u00fdm mno\u017estv\u00edm vody a pou\u017e\u00edt k vysu\u0161en\u00ed. Za \u017e\u00e1dn\u00fdch okolnost\u00ed nepou\u017e\u00edvejte dezinfek\u010dn\u00ed prost\u0159edky nebo myc\u00ed prost\u0159edky a nikdy je nemyjte v my\u010dce na n\u00e1dob\u00ed.<\/p>\n\t\t<\/div>\n\t<\/div>\n\t\n\t<div id=\"accordion-4007044877\" class=\"accordion-item\">\n\t\t<a id=\"accordion-4007044877-label\" class=\"accordion-title plain\" href=\"#accordion-item-\u017divotnost-a-obsah-silvernurse\" aria-expanded=\"false\" aria-controls=\"accordion-4007044877-content\" >\n\t\t\t<button class=\"toggle\" aria-label=\"P\u0159epnout\"><i class=\"icon-angle-down\"><\/i><\/button>\n\t\t\t<span>\u017divotnost a obsah SilverNurse<\/span>\n\t\t<\/a>\n\t\t<div id=\"accordion-4007044877-content\" class=\"accordion-inner\" aria-labelledby=\"accordion-4007044877-label\" >\n\t\t\t\n<p>SilverNurse nem\u00e1 datum expirace a jeho \u00fa\u010dinnost se \u010dasem nesn\u00ed\u017e\u00ed. Sterlingov\u00e9 st\u0159\u00edbro 925 je nej\u010dist\u0161\u00ed st\u0159\u00edbro, kter\u00e9 lze odl\u00e9vat. Za \u017e\u00e1dn\u00fdch okolnost\u00ed neobsahuje nikl.<\/p>\n<p>Nastaven\u00ed st\u0159\u00edbra jsou definov\u00e1na v tis\u00edcov\u00e9m syst\u00e9mu a hodnota nej\u010dist\u0161\u00edho st\u0159\u00edbra je pova\u017eov\u00e1na za 1000. Komer\u010dn\u00ed st\u0159\u00edbro m\u00e1 ryzost 999. St\u0159\u00edbro ryzosti 925 b\u011b\u017en\u011b zn\u00e1m\u00e9 jako \u201eSterling Silver\u201c se pou\u017e\u00edv\u00e1 p\u0159i v\u00fdrob\u011b \u0161perk\u016f a \u0161perk\u016f. Silvernurse se vyr\u00e1b\u00ed v\u00fdhradn\u011b ru\u010dn\u011b ze st\u0159\u00edbra ryzosti 925. Hmotnost na\u0161ich v\u00fdrobk\u016f se pohybuje mezi 6-7g. D\u016fvodem rozd\u00edlu ve v\u00e1ze je, \u017ee v\u00fdrobky jsou kompletn\u011b ru\u010dn\u011b vyr\u00e1b\u011bn\u00e9. Je absolutn\u011b bez niklu.<\/p>\n\t\t<\/div>\n\t<\/div>\n\t\n\t<div id=\"accordion-108275120\" class=\"accordion-item\">\n\t\t<a id=\"accordion-108275120-label\" class=\"accordion-title plain\" href=\"#accordion-item-co-jsou-certifik\u00e1ty-iso-a-ce?\" aria-expanded=\"false\" aria-controls=\"accordion-108275120-content\" >\n\t\t\t<button class=\"toggle\" aria-label=\"P\u0159epnout\"><i class=\"icon-angle-down\"><\/i><\/button>\n\t\t\t<span>Co jsou certifik\u00e1ty ISO a CE?<\/span>\n\t\t<\/a>\n\t\t<div id=\"accordion-108275120-content\" class=\"accordion-inner\" aria-labelledby=\"accordion-108275120-label\" >\n\t\t\t\n<p>Certifik\u00e1t ISO 9001 na druh\u00e9 stran\u011b ur\u010duje uji\u0161t\u011bn\u00ed, \u017ee produkty nebo slu\u017eby p\u0159\u00edslu\u0161n\u00e9 organizace jsou vytvo\u0159eny jako v\u00fdsledek mana\u017eersk\u00e9ho p\u0159\u00edstupu, kter\u00fd je dod\u00e1v\u00e1n a \u0159\u00edzen v souladu s mezin\u00e1rodn\u011b uzn\u00e1van\u00fdm syst\u00e9mem managementu, a tedy kontinuita m\u016f\u017ee b\u00fdt zaji\u0161t\u011bna kvalita produkt\u016f a slu\u017eeb organizace<\/p>\n<p>Tato zna\u010dka, kter\u00e1 znamen\u00e1 Shoda s Evropou, znamen\u00e1, \u017ee v\u00fdrobky prod\u00e1van\u00e9 ve Spole\u010denstv\u00ed jsou kontrolov\u00e1ny\/hodnoceny podle minim\u00e1ln\u00edch po\u017eadavk\u016f na bezpe\u010dnost, zdrav\u00ed a ochranu \u017eivotn\u00edho prost\u0159ed\u00ed.<\/p>\n\t\t<\/div>\n\t<\/div>\n\t\n<\/div>\n\t\t<\/div>\n\t\t\t\t\t<\/div>\n\n\t\n<\/div>\n<div class=\"container section-title-container\" style=\"margin-top:30px;\"><h3 class=\"section-title section-title-normal\"><b><\/b><span class=\"section-title-main\" >N\u00e1vraty<\/span><b><\/b><\/h3><\/div>\n<div class=\"row\"  id=\"row-1806505545\">\n\n\t<div id=\"col-2080884872\" class=\"col small-12 large-12\"  >\n\t\t\t\t<div class=\"col-inner\"  >\n\t\t\t\n\t\t\t\n<div class=\"accordion\">\n\t<div id=\"accordion-3779043068\" class=\"accordion-item\">\n\t\t<a id=\"accordion-3779043068-label\" class=\"accordion-title plain\" href=\"#accordion-item-jak-mohu-d\u016fv\u011b\u0159ovat-silvernurse?\" aria-expanded=\"false\" aria-controls=\"accordion-3779043068-content\" >\n\t\t\t<button class=\"toggle\" aria-label=\"P\u0159epnout\"><i class=\"icon-angle-down\"><\/i><\/button>\n\t\t\t<span>Jak mohu d\u016fv\u011b\u0159ovat SilverNurse?<\/span>\n\t\t<\/a>\n\t\t<div id=\"accordion-3779043068-content\" class=\"accordion-inner\" aria-labelledby=\"accordion-3779043068-label\" >\n\t\t\t\n<p>Jako SilverNurse je na\u0161\u00edm c\u00edlem poskytovat 100% spokojenost z\u00e1kazn\u00edk\u016f. V\u0161em na\u0161im z\u00e1kazn\u00edk\u016fm, kte\u0159\u00ed nejsou spokojeni s touto objedn\u00e1vkou, poskytujeme bezpodm\u00edne\u010dn\u00e9 vr\u00e1cen\u00ed pen\u011bz do 14 dn\u016f.<\/p>\n\t\t<\/div>\n\t<\/div>\n\t\n\t<div id=\"accordion-4148051872\" class=\"accordion-item\">\n\t\t<a id=\"accordion-4148051872-label\" class=\"accordion-title plain\" href=\"#accordion-item-je-v-po\u0159\u00e1dku-pou\u017e\u00edvat-silvernurse-s-jin\u00fdmi-produkty?\" aria-expanded=\"false\" aria-controls=\"accordion-4148051872-content\" >\n\t\t\t<button class=\"toggle\" aria-label=\"P\u0159epnout\"><i class=\"icon-angle-down\"><\/i><\/button>\n\t\t\t<span>Je v po\u0159\u00e1dku pou\u017e\u00edvat SilverNurse s jin\u00fdmi produkty?<\/span>\n\t\t<\/a>\n\t\t<div id=\"accordion-4148051872-content\" class=\"accordion-inner\" aria-labelledby=\"accordion-4148051872-label\" >\n\t\t\t\n<p>M\u016f\u017eete si prohl\u00e9dnout na\u0161e v\u00fdsledky akreditovan\u00e9 laborato\u0159e, certifik\u00e1ty CE a ISO, abyste n\u00e1m mohli d\u016fv\u011b\u0159ovat.<\/p>\n\t\t<\/div>\n\t<\/div>\n\t\n<\/div>\n\t\t<\/div>\n\t\t\t\t\t<\/div>\n\n\t\n<\/div>\n<div class=\"container section-title-container\" style=\"margin-top:30px;\"><h3 class=\"section-title section-title-normal\"><b><\/b><span class=\"section-title-main\" >M\u00e1te je\u0161t\u011b ot\u00e1zky?<\/span><b><\/b><\/h3><\/div>\n<div class=\"row\"  id=\"row-925663764\">\n\n\t<div id=\"col-764192824\" class=\"col medium-4 small-12 large-4\"  >\n\t\t\t\t<div class=\"col-inner\"  >\n\t\t\t\n\t\t\t\n<p><a href=\"https:\/\/www.silvernurseeu.com\/cs\/kontaktujte-nas\/\" class=\"lead\">Kontaktujte n\u00e1s<\/a><\/p>\n\t\t<\/div>\n\t\t\t\t\t<\/div>\n\n\t\n\n\t<div id=\"col-1166211174\" class=\"col sn-contact-form-wrap medium-8 small-12 large-8\"  >\n\t\t\t\t<div class=\"col-inner\"  >\n\t\t\t\n\t\t\t\n<p class=\"wpcf7-contact-form-not-found\"><strong>Error:<\/strong> Contact form not found.<\/p>\n\t\t<\/div>\n\t\t\t\t\t<\/div>\n\n\t\n<\/div>\n","protected":false},"excerpt":{"rendered":"","protected":false},"author":1,"featured_media":0,"parent":0,"menu_order":0,"comment_status":"closed","ping_status":"closed","template":"page-blank.php","meta":{"footnotes":""},"class_list":["post-847","page","type-page","status-publish","hentry"],"aioseo_notices":[],"_links":{"self":[{"href":"https:\/\/www.silvernurseeu.com\/cs\/wp-json\/wp\/v2\/pages\/847","targetHints":{"allow":["GET"]}}],"collection":[{"href":"https:\/\/www.silvernurseeu.com\/cs\/wp-json\/wp\/v2\/pages"}],"about":[{"href":"https:\/\/www.silvernurseeu.com\/cs\/wp-json\/wp\/v2\/types\/page"}],"author":[{"embeddable":true,"href":"https:\/\/www.silvernurseeu.com\/cs\/wp-json\/wp\/v2\/users\/1"}],"replies":[{"embeddable":true,"href":"https:\/\/www.silvernurseeu.com\/cs\/wp-json\/wp\/v2\/comments?post=847"}],"version-history":[{"count":2,"href":"https:\/\/www.silvernurseeu.com\/cs\/wp-json\/wp\/v2\/pages\/847\/revisions"}],"predecessor-version":[{"id":849,"href":"https:\/\/www.silvernurseeu.com\/cs\/wp-json\/wp\/v2\/pages\/847\/revisions\/849"}],"wp:attachment":[{"href":"https:\/\/www.silvernurseeu.com\/cs\/wp-json\/wp\/v2\/media?parent=847"}],"curies":[{"name":"wp","href":"https:\/\/api.w.org\/{rel}","templated":true}]}}