{"id":850,"date":"2023-02-06T08:59:47","date_gmt":"2023-02-06T08:59:47","guid":{"rendered":"https:\/\/dev.silvernurseeu.com\/haeufig-gestellte-fragen\/"},"modified":"2023-05-01T19:47:21","modified_gmt":"2023-05-01T19:47:21","slug":"haeufig-gestellte-fragen","status":"publish","type":"page","link":"https:\/\/www.silvernurseeu.com\/de\/haeufig-gestellte-fragen\/","title":{"rendered":"H\u00e4ufig gestellte Fragen"},"content":{"rendered":"  <div id=\"page-header-845254497\" class=\"page-header-wrapper\">\n  <div class=\"page-title dark normal-title\">\n\n        <div class=\"page-title-bg\">\n      <div class=\"title-bg fill bg-fill\"\n        data-parallax-container=\".page-title\"\n        data-parallax-background\n        data-parallax=\"-\">\n      <\/div>\n      <div class=\"title-overlay fill\"><\/div>\n    <\/div>\n    \n    <div class=\"page-title-inner container align-center flex-row medium-flex-wrap\" >\n              <div class=\"title-wrapper flex-col text-left medium-text-center\">\n          <h1 class=\"entry-title mb-0\">\n            H\u00e4ufig gestellte Fragen          <\/h1>\n        <\/div>\n                    <div class=\"title-content flex-col flex-right text-right medium-text-center\">\n        <div class=\"title-breadcrumbs pb-half pt-half\"><nav class=\"woocommerce-breadcrumb breadcrumbs uppercase\">Startseite<\/nav><\/div>      <\/div>\n    <\/div>\n\n     \n<style>\n#page-header-845254497 .title-overlay {\n  background-color: rgba(255,255,255,.5);\n}\n#page-header-845254497 .normal-title {\n  background-color: #a16695;\n}\n<\/style>\n  <\/div>\n    <\/div>\n  \n<div class=\"container section-title-container\" style=\"margin-top:30px;\"><h3 class=\"section-title section-title-normal\"><b><\/b><span class=\"section-title-main\" >SilverNurse-Grundlagen<\/span><b><\/b><\/h3><\/div>\n<div class=\"row\"  id=\"row-1311464810\">\n\n\t<div id=\"col-1813002614\" class=\"col small-12 large-12\"  >\n\t\t\t\t<div class=\"col-inner\"  >\n\t\t\t\n\t\t\t\n<div class=\"accordion\">\n\t<div id=\"accordion-267531849\" class=\"accordion-item\">\n\t\t<a id=\"accordion-267531849-label\" class=\"accordion-title plain\" href=\"#accordion-item-wann-sollte-silvernurse-verwendet-werden?\" aria-expanded=\"false\" aria-controls=\"accordion-267531849-content\" >\n\t\t\t<button class=\"toggle\" aria-label=\"Umschalten\"><i class=\"icon-angle-down\"><\/i><\/button>\n\t\t\t<span>Wann sollte SilverNurse verwendet werden?<\/span>\n\t\t<\/a>\n\t\t<div id=\"accordion-267531849-content\" class=\"accordion-inner\" aria-labelledby=\"accordion-267531849-label\" >\n\t\t\t\n<p>Es kann 2 (zwei) Wochen vor der Geburt zu vorbeugenden Zwecken verwendet werden, aber es ist in Ordnung, sofort nach der Geburt damit zu beginnen. Je l\u00e4nger wir es nach der Geburt verwenden k\u00f6nnen, desto bessere Ergebnisse k\u00f6nnen wir erzielen.<\/p>\n\t\t<\/div>\n\t<\/div>\n\t\n\t<div id=\"accordion-2072437252\" class=\"accordion-item\">\n\t\t<a id=\"accordion-2072437252-label\" class=\"accordion-title plain\" href=\"#accordion-item-ist-es-in-ordnung,-silvernurse-mit-anderen-produkten-zu-verwenden?\" aria-expanded=\"false\" aria-controls=\"accordion-2072437252-content\" >\n\t\t\t<button class=\"toggle\" aria-label=\"Umschalten\"><i class=\"icon-angle-down\"><\/i><\/button>\n\t\t\t<span>Ist es in Ordnung, SilverNurse mit anderen Produkten zu verwenden?<\/span>\n\t\t<\/a>\n\t\t<div id=\"accordion-2072437252-content\" class=\"accordion-inner\" aria-labelledby=\"accordion-2072437252-label\" >\n\t\t\t\n<p>Sie k\u00f6nnen SilverNurse mit einem Stillkissen oder einer Milchpumpe verwenden.<br \/>\nWenn Sie es mit einem Stillkissen verwenden, k\u00f6nnen Sie die SilverNurse auf Ihre Brustwarzen legen und dann das Stillkissen darauf verwenden.<br \/>\nEs schadet nicht, es nach dem Melken mit einer Milchpumpe zu verwenden.<\/p>\n\t\t<\/div>\n\t<\/div>\n\t\n\t<div id=\"accordion-3516968955\" class=\"accordion-item\">\n\t\t<a id=\"accordion-3516968955-label\" class=\"accordion-title plain\" href=\"#accordion-item-dinge,-die-bei-der-verwendung-von-silvernurse-zu-beachten-sind\" aria-expanded=\"false\" aria-controls=\"accordion-3516968955-content\" >\n\t\t\t<button class=\"toggle\" aria-label=\"Umschalten\"><i class=\"icon-angle-down\"><\/i><\/button>\n\t\t\t<span>Dinge, die bei der Verwendung von SilverNurse zu beachten sind<\/span>\n\t\t<\/a>\n\t\t<div id=\"accordion-3516968955-content\" class=\"accordion-inner\" aria-labelledby=\"accordion-3516968955-label\" >\n\t\t\t\n<p>Wir empfehlen, w\u00e4hrend der Anwendung von SilverNurse keine Cremes oder Medikamente f\u00fcr Ihre Brustwarzen zu verwenden. Die Verwendung zusammen mit der Creme kann die Wirksamkeit verringern. Wenn Sie glauben, dass der Geruch von Milchr\u00fcckst\u00e4nden Ihr Baby nach dem Entfernen von SilverNurse irritieren k\u00f6nnte, k\u00f6nnen Sie Ihre Brustwarzen sanft waschen oder ohne Reizung abwischen.<\/p>\n\t\t<\/div>\n\t<\/div>\n\t\n\t<div id=\"accordion-3392487794\" class=\"accordion-item\">\n\t\t<a id=\"accordion-3392487794-label\" class=\"accordion-title plain\" href=\"#accordion-item-wie-reinige-ich-silvernurse?\" aria-expanded=\"false\" aria-controls=\"accordion-3392487794-content\" >\n\t\t\t<button class=\"toggle\" aria-label=\"Umschalten\"><i class=\"icon-angle-down\"><\/i><\/button>\n\t\t\t<span>Wie reinige ich SilverNurse?<\/span>\n\t\t<\/a>\n\t\t<div id=\"accordion-3392487794-content\" class=\"accordion-inner\" aria-labelledby=\"accordion-3392487794-label\" >\n\t\t\t\n<p>Sie k\u00f6nnen es uneingeschr\u00e4nkt nutzen, sobald Sie SilverNurse zum ersten Mal treffen. Silber hat eine selbstdesinfizierende Eigenschaft, sodass Sie es nicht h\u00e4ufig waschen m\u00fcssen. Sie k\u00f6nnen das Produkt reinigen, indem Sie es einmal im Monat mit Backpulver waschen. Nach diesem Vorgang empfehlen wir, mit viel Wasser zu sp\u00fclen und durch Trocknen zu verwenden. Unter keinen Umst\u00e4nden sollten Desinfektions- oder Reinigungsmittel verwendet und niemals in der Sp\u00fclmaschine gewaschen werden.<\/p>\n\t\t<\/div>\n\t<\/div>\n\t\n\t<div id=\"accordion-2820996568\" class=\"accordion-item\">\n\t\t<a id=\"accordion-2820996568-label\" class=\"accordion-title plain\" href=\"#accordion-item-lebensdauer-und-inhalt-von-silvernurse\" aria-expanded=\"false\" aria-controls=\"accordion-2820996568-content\" >\n\t\t\t<button class=\"toggle\" aria-label=\"Umschalten\"><i class=\"icon-angle-down\"><\/i><\/button>\n\t\t\t<span>Lebensdauer und Inhalt von SilverNurse<\/span>\n\t\t<\/a>\n\t\t<div id=\"accordion-2820996568-content\" class=\"accordion-inner\" aria-labelledby=\"accordion-2820996568-label\" >\n\t\t\t\n<p>SilverNurse hat keine Lebensdauer und seine Wirksamkeit wird mit der Zeit nicht nachlassen. 925er Sterlingsilber ist das reinste Silber, das gegossen werden kann. Es enth\u00e4lt unter keinen Umst\u00e4nden Nickel.<\/p>\n<p>Silberfassungen sind im Tausendersystem definiert und der Wert des reinsten Silbers wird als 1000 angesehen. Kommerzielles Silber hat eine Reinheit von 999. 925er Sterlingsilber, allgemein bekannt als \u201eSterlingsilber\u201c, wird in Schmuck und Schmuckherstellung verwendet. Silvernurse wird in reiner Handarbeit aus 925er Sterlingsilber hergestellt. Das Gewicht unserer Produkte variiert zwischen 6-7gr. Der Grund f\u00fcr den Gewichtsunterschied liegt darin, dass die Produkte komplett von Hand gefertigt werden. Es ist absolut nickelfrei.<\/p>\n\t\t<\/div>\n\t<\/div>\n\t\n\t<div id=\"accordion-2606934248\" class=\"accordion-item\">\n\t\t<a id=\"accordion-2606934248-label\" class=\"accordion-title plain\" href=\"#accordion-item-was-sind-iso--und-ce-zertifikate?\" aria-expanded=\"false\" aria-controls=\"accordion-2606934248-content\" >\n\t\t\t<button class=\"toggle\" aria-label=\"Umschalten\"><i class=\"icon-angle-down\"><\/i><\/button>\n\t\t\t<span>Was sind ISO- und CE-Zertifikate?<\/span>\n\t\t<\/a>\n\t\t<div id=\"accordion-2606934248-content\" class=\"accordion-inner\" aria-labelledby=\"accordion-2606934248-label\" >\n\t\t\t\n<p>Das ISO 9001-Zertifikat hingegen bestimmt die Gewissheit, dass die Produkte oder Dienstleistungen der betreffenden Organisation als Ergebnis eines Managementansatzes erstellt wurden, der in \u00dcbereinstimmung mit einem international anerkannten Managementsystem geliefert und verwaltet wird, und somit die Kontinuit\u00e4t des Produkt- und Servicequalit\u00e4t der Organisation sichergestellt werden kann<\/p>\n<p>Dieses Zeichen, das Konformit\u00e4t mit Europa bedeutet, zeigt an, dass die in der Gemeinschaft verkauften Produkte gem\u00e4\u00df den Mindestanforderungen an Sicherheit, Gesundheits- und Umweltschutz gepr\u00fcft \/ bewertet wurden.<\/p>\n\t\t<\/div>\n\t<\/div>\n\t\n<\/div>\n\t\t<\/div>\n\t\t\t\t\t<\/div>\n\n\t\n<\/div>\n<div class=\"container section-title-container\" style=\"margin-top:30px;\"><h3 class=\"section-title section-title-normal\"><b><\/b><span class=\"section-title-main\" >Kehrt zur\u00fcck<\/span><b><\/b><\/h3><\/div>\n<div class=\"row\"  id=\"row-755006244\">\n\n\t<div id=\"col-433944772\" class=\"col small-12 large-12\"  >\n\t\t\t\t<div class=\"col-inner\"  >\n\t\t\t\n\t\t\t\n<div class=\"accordion\">\n\t<div id=\"accordion-908835383\" class=\"accordion-item\">\n\t\t<a id=\"accordion-908835383-label\" class=\"accordion-title plain\" href=\"#accordion-item-wie-kann-ich-silvernurse-vertrauen?\" aria-expanded=\"false\" aria-controls=\"accordion-908835383-content\" >\n\t\t\t<button class=\"toggle\" aria-label=\"Umschalten\"><i class=\"icon-angle-down\"><\/i><\/button>\n\t\t\t<span>Wie kann ich SilverNurse vertrauen?<\/span>\n\t\t<\/a>\n\t\t<div id=\"accordion-908835383-content\" class=\"accordion-inner\" aria-labelledby=\"accordion-908835383-label\" >\n\t\t\t\n<p>Als SilverNurse ist es unser Ziel, 100% Kundenzufriedenheit zu bieten. Wir gew\u00e4hren allen unseren Kunden, die mit dieser Bestellung nicht zufrieden sind, innerhalb von 14 Tagen bedingungslose R\u00fcckerstattungen.<\/p>\n\t\t<\/div>\n\t<\/div>\n\t\n\t<div id=\"accordion-3211882900\" class=\"accordion-item\">\n\t\t<a id=\"accordion-3211882900-label\" class=\"accordion-title plain\" href=\"#accordion-item-ist-es-in-ordnung,-silvernurse-mit-anderen-produkten-zu-verwenden?\" aria-expanded=\"false\" aria-controls=\"accordion-3211882900-content\" >\n\t\t\t<button class=\"toggle\" aria-label=\"Umschalten\"><i class=\"icon-angle-down\"><\/i><\/button>\n\t\t\t<span>Ist es in Ordnung, SilverNurse mit anderen Produkten zu verwenden?<\/span>\n\t\t<\/a>\n\t\t<div id=\"accordion-3211882900-content\" class=\"accordion-inner\" aria-labelledby=\"accordion-3211882900-label\" >\n\t\t\t\n<p>Sie k\u00f6nnen unsere akkreditierten Laborergebnisse, CE- und ISO-Zertifikate einsehen, damit Sie uns vertrauen k\u00f6nnen.<\/p>\n\t\t<\/div>\n\t<\/div>\n\t\n<\/div>\n\t\t<\/div>\n\t\t\t\t\t<\/div>\n\n\t\n<\/div>\n<div class=\"container section-title-container\" style=\"margin-top:30px;\"><h3 class=\"section-title section-title-normal\"><b><\/b><span class=\"section-title-main\" >Haben Sie noch Fragen?<\/span><b><\/b><\/h3><\/div>\n<div class=\"row\"  id=\"row-1350680204\">\n\n\t<div id=\"col-1864746413\" class=\"col medium-4 small-12 large-4\"  >\n\t\t\t\t<div class=\"col-inner\"  >\n\t\t\t\n\t\t\t\n<p><a href=\"https:\/\/www.silvernurseeu.com\/de\/kontaktiere-uns\/\" class=\"lead\">Kontaktiere uns<\/a><\/p>\n\t\t<\/div>\n\t\t\t\t\t<\/div>\n\n\t\n\n\t<div id=\"col-1989124411\" class=\"col sn-contact-form-wrap medium-8 small-12 large-8\"  >\n\t\t\t\t<div class=\"col-inner\"  >\n\t\t\t\n\t\t\t\n<p class=\"wpcf7-contact-form-not-found\"><strong>Fehler:<\/strong> Kontaktformular wurde nicht gefunden.<\/p>\n\t\t<\/div>\n\t\t\t\t\t<\/div>\n\n\t\n<\/div>\n","protected":false},"excerpt":{"rendered":"","protected":false},"author":1,"featured_media":0,"parent":0,"menu_order":0,"comment_status":"closed","ping_status":"closed","template":"page-blank.php","meta":{"footnotes":""},"class_list":["post-850","page","type-page","status-publish","hentry"],"aioseo_notices":[],"_links":{"self":[{"href":"https:\/\/www.silvernurseeu.com\/de\/wp-json\/wp\/v2\/pages\/850","targetHints":{"allow":["GET"]}}],"collection":[{"href":"https:\/\/www.silvernurseeu.com\/de\/wp-json\/wp\/v2\/pages"}],"about":[{"href":"https:\/\/www.silvernurseeu.com\/de\/wp-json\/wp\/v2\/types\/page"}],"author":[{"embeddable":true,"href":"https:\/\/www.silvernurseeu.com\/de\/wp-json\/wp\/v2\/users\/1"}],"replies":[{"embeddable":true,"href":"https:\/\/www.silvernurseeu.com\/de\/wp-json\/wp\/v2\/comments?post=850"}],"version-history":[{"count":2,"href":"https:\/\/www.silvernurseeu.com\/de\/wp-json\/wp\/v2\/pages\/850\/revisions"}],"predecessor-version":[{"id":852,"href":"https:\/\/www.silvernurseeu.com\/de\/wp-json\/wp\/v2\/pages\/850\/revisions\/852"}],"wp:attachment":[{"href":"https:\/\/www.silvernurseeu.com\/de\/wp-json\/wp\/v2\/media?parent=850"}],"curies":[{"name":"wp","href":"https:\/\/api.w.org\/{rel}","templated":true}]}}