{"id":815,"date":"2023-02-06T08:58:09","date_gmt":"2023-02-06T08:58:09","guid":{"rendered":"https:\/\/dev.silvernurseeu.com\/rolunk\/"},"modified":"2023-05-01T18:02:21","modified_gmt":"2023-05-01T18:02:21","slug":"rolunk","status":"publish","type":"page","link":"https:\/\/www.silvernurseeu.com\/hu\/rolunk\/","title":{"rendered":"R\u00d3LUNK"},"content":{"rendered":"  <div id=\"page-header-151328744\" class=\"page-header-wrapper\">\n  <div class=\"page-title dark normal-title\">\n\n        <div class=\"page-title-bg\">\n      <div class=\"title-bg fill bg-fill\"\n        data-parallax-container=\".page-title\"\n        data-parallax-background\n        data-parallax=\"-\">\n      <\/div>\n      <div class=\"title-overlay fill\"><\/div>\n    <\/div>\n    \n    <div class=\"page-title-inner container align-center flex-row medium-flex-wrap\" >\n              <div class=\"title-wrapper flex-col text-left medium-text-center\">\n          <h1 class=\"entry-title mb-0\">\n            R\u00d3LUNK          <\/h1>\n        <\/div>\n                    <div class=\"title-content flex-col flex-right text-right medium-text-center\">\n        <div class=\"title-breadcrumbs pb-half pt-half\"><nav class=\"woocommerce-breadcrumb breadcrumbs uppercase\">Kezd\u0151lap<\/nav><\/div>      <\/div>\n    <\/div>\n\n     \n<style>\n#page-header-151328744 .title-overlay {\n  background-color: rgba(255,255,255,.5);\n}\n#page-header-151328744 .normal-title {\n  background-color: #a16695;\n}\n<\/style>\n  <\/div>\n    <\/div>\n  \n<div class=\"row\"  id=\"row-1066732346\">\n\n\t<div id=\"col-2131855247\" class=\"col medium-6 small-12 large-6\"  data-animate=\"fadeInLeft\">\n\t\t\t\t<div class=\"col-inner\"  >\n\t\t\t\n\t\t\t\n\t<div class=\"box has-hover sn-about-video  has-hover box-default box-text-bottom\" >\n\n\t\t<div class=\"box-image\" >\n\t\t\t\t\t\t<div class=\"\" >\n\t\t\t\t<img decoding=\"async\" width=\"1920\" height=\"1920\" src=\"https:\/\/www.silvernurseeu.com\/wp-content\/uploads\/2023\/02\/silver-nurse-with-box-and-bag.jpeg\" class=\"attachment- size-\" alt=\"Silver Nurse with box and bag\" srcset=\"https:\/\/www.silvernurseeu.com\/wp-content\/uploads\/2023\/02\/silver-nurse-with-box-and-bag.jpeg 1920w, https:\/\/www.silvernurseeu.com\/wp-content\/uploads\/2023\/02\/silver-nurse-with-box-and-bag-400x400.jpeg 400w, https:\/\/www.silvernurseeu.com\/wp-content\/uploads\/2023\/02\/silver-nurse-with-box-and-bag-800x800.jpeg 800w, https:\/\/www.silvernurseeu.com\/wp-content\/uploads\/2023\/02\/silver-nurse-with-box-and-bag-280x280.jpeg 280w, https:\/\/www.silvernurseeu.com\/wp-content\/uploads\/2023\/02\/silver-nurse-with-box-and-bag-768x768.jpeg 768w, https:\/\/www.silvernurseeu.com\/wp-content\/uploads\/2023\/02\/silver-nurse-with-box-and-bag-1536x1536.jpeg 1536w, https:\/\/www.silvernurseeu.com\/wp-content\/uploads\/2023\/02\/silver-nurse-with-box-and-bag-300x300.jpeg 300w, https:\/\/www.silvernurseeu.com\/wp-content\/uploads\/2023\/02\/silver-nurse-with-box-and-bag-600x600.jpeg 600w, https:\/\/www.silvernurseeu.com\/wp-content\/uploads\/2023\/02\/silver-nurse-with-box-and-bag-100x100.jpeg 100w\" sizes=\"(max-width: 1920px) 100vw, 1920px\" \/>\t\t\t\t\t\t\t\t\t\t\t<\/div>\n\t\t\t\t\t<\/div>\n\n\t\t<div class=\"box-text text-center dark\" >\n\t\t\t<div class=\"box-text-inner\">\n\t\t\t\t\n<div class=\"video-button-wrapper\" ><a href=\"https:\/\/www.youtube.com\/watch?v=aSnIxfwu0VU&#038;ab_channel=SilverNurse\" class=\"button open-video icon circle is-outline is-xlarge\"><i class=\"icon-play\" style=\"font-size:1.5em;\" ><\/i><\/a><\/div>\n\t\t\t<\/div>\n\t\t<\/div>\n\t<\/div>\n\t\n\t\t<\/div>\n\t\t\t\t\t<\/div>\n\n\t\n\n\t<div id=\"col-1075569591\" class=\"col medium-6 small-12 large-6\"  data-animate=\"fadeInUp\">\n\t\t\t\t<div class=\"col-inner text-left\"  >\n\t\t\t\n\t\t\t\n\t<div id=\"text-3968645650\" class=\"text\">\n\t\t\n<h3 class=\"uppercase thin-font\">SILVER NURSE EU<\/h3>\n<p>Teljesen hazai term\u00e9keinkkel a vil\u00e1gsz\u00ednvonal \u00e9s a min\u0151s\u00e9g fel\u00e1ldoz\u00e1sa n\u00e9lk\u00fcl elfoglaltuk a hely\u00fcnket a vil\u00e1gpiacon, \u00e9s az egyetlen egyetemi j\u00f3v\u00e1hagy\u00e1ssal rendelkez\u0151 Ez\u00fcst \u00c1pol\u00f3 Kup\u00e1k lett\u00fcnk. A 2018-ban alap\u00edtott SilverNurse 3 kontinensen \u00e9rt\u00e9kes\u00edt\u0151 c\u00e9gg\u00e9 v\u00e1lt. Ma \u00e9rt\u00e9kes\u00edt\u00e9si irod\u00e1ink vannak T\u00f6r\u00f6korsz\u00e1gban, Eur\u00f3p\u00e1ban, Azerbajdzs\u00e1nban, Amerik\u00e1ban \u00e9s az Egyes\u00fclt Kir\u00e1lys\u00e1gban.<\/p>\n\t\t\n<style>\n#text-3968645650 {\n  text-align: left;\n}\n<\/style>\n\t<\/div>\n\t\n\t\t<\/div>\n\t\t\t\t\n<style>\n#col-1075569591 > .col-inner {\n  padding: 0px 0px 0px 0px;\n}\n@media (min-width:550px) {\n  #col-1075569591 > .col-inner {\n    padding: 50px 0px 0px 0px;\n  }\n}\n@media (min-width:850px) {\n  #col-1075569591 > .col-inner {\n    padding: 150px 0px 0px 0px;\n  }\n}\n<\/style>\n\t<\/div>\n\n\t\n<\/div>\n\n<div class=\"row\"  id=\"row-1768482602\">\n\n\t<div id=\"col-369194038\" class=\"col medium-5 small-12 large-5\"  data-animate=\"blurIn\">\n\t\t\t\t<div class=\"col-inner\"  >\n\t\t\t\n\t\t\t\n<h3 class=\"uppercase thin-font\">MINDEN MEGB\u00cdZHAT\u00d3 GY\u00d3GY\u00cdT\u00c1SI T\u00d6RT\u00c9NETEL<\/h3>\n<p>K+F tanulm\u00e1nyainkkal \u00e9s tapasztalatainkkal a vil\u00e1gon \u00e9vsz\u00e1zadok \u00f3ta az eg\u00e9szs\u00e9g\u00fcgyi szektorban haszn\u00e1lt ez\u00fcst\u00f6t k\u00edn\u00e1ltuk any\u00e1k \u00e9s csecsem\u0151k sz\u00e1m\u00e1ra.<\/p>\n<p>Az ez\u00fcst term\u00e9szetes elem, amely megtal\u00e1lhat\u00f3 a teljes ki\u0151rl\u00e9s\u0171 gabon\u00e1kban, ehet\u0151 \u00e9s gy\u00f3gygomb\u00e1kban, eml\u0151stejben, forr\u00e1sv\u00edzben, tengerv\u00edzben \u00e9s csapv\u00edzben. Az ez\u00fcst\u00f6t, amelyet t\u00f6bb mint 2000 \u00e9ve haszn\u00e1lnak gy\u00f3gy\u00e1szatilag, fontos szerepet j\u00e1tszott az emberi eg\u00e9szs\u00e9g meg\u0151rz\u00e9s\u00e9ben.<\/p>\n<p>Az \u00f3kori civiliz\u00e1ci\u00f3k megtanult\u00e1k, hogy az ez\u00fcstnek er\u0151teljes antimikrobi\u00e1lis hat\u00e1sa van. A f\u00f6n\u00edciaiak a vizet, a bort \u00e9s az ecetet ez\u00fcstpalackokban t\u00e1rolt\u00e1k, hogy megakad\u00e1lyozz\u00e1k a megroml\u00e1st. A k\u00f6z\u00e9pkorban a gazdag keresztsz\u00fcl\u0151k ez\u00fcstkanalat adtak a csecsem\u0151knek keresztel\u0151aj\u00e1nd\u00e9kk\u00e9nt. Azok, akik \u201eez\u00fcstkan\u00e1llal a sz\u00e1jukban sz\u00fclettek\u201d, r\u00e9szes\u00fcltek az ez\u00fcst tiszt\u00edt\u00f3 \u00e9s antibiotikus tulajdons\u00e1gaib\u00f3l.<\/p>\n<p>Az 1800-as \u00e9vekre az ez\u00fcst-nitr\u00e1tot sebek \u00e9s b\u0151rfek\u00e9lyek kezel\u00e9s\u00e9re haszn\u00e1lt\u00e1k. 1852-ben felfedezt\u00e9k, hogy a finom ez\u00fcsthuzalok varratokhoz val\u00f3 haszn\u00e1lata el\u0151seg\u00edtette a megjav\u00edtott h\u00fas gy\u00f3gyul\u00e1s\u00e1t.<\/p>\n\t\t<\/div>\n\t\t\t\t\t<\/div>\n\n\t\n\n\t<div id=\"col-116614662\" class=\"col medium-7 small-12 large-7\"  data-animate=\"blurIn\">\n\t\t\t\t<div class=\"col-inner\"  >\n\t\t\t\n\t\t\t\n\t<div class=\"img has-hover x md-x lg-x y md-y lg-y\" id=\"image_443024189\">\n\t\t\t\t\t\t\t\t<div class=\"img-inner dark\" >\n\t\t\t<img decoding=\"async\" width=\"566\" height=\"800\" src=\"https:\/\/www.silvernurseeu.com\/wp-content\/uploads\/2023\/02\/sn-declaration-of-conformity-566x800.jpeg\" class=\"attachment-large size-large\" alt=\"Declaration of Conformity\" srcset=\"https:\/\/www.silvernurseeu.com\/wp-content\/uploads\/2023\/02\/sn-declaration-of-conformity-566x800.jpeg 566w, https:\/\/www.silvernurseeu.com\/wp-content\/uploads\/2023\/02\/sn-declaration-of-conformity-283x400.jpeg 283w, https:\/\/www.silvernurseeu.com\/wp-content\/uploads\/2023\/02\/sn-declaration-of-conformity-768x1086.jpeg 768w, https:\/\/www.silvernurseeu.com\/wp-content\/uploads\/2023\/02\/sn-declaration-of-conformity-1086x1536.jpeg 1086w, https:\/\/www.silvernurseeu.com\/wp-content\/uploads\/2023\/02\/sn-declaration-of-conformity-600x849.jpeg 600w, https:\/\/www.silvernurseeu.com\/wp-content\/uploads\/2023\/02\/sn-declaration-of-conformity.jpeg 1190w\" sizes=\"(max-width: 566px) 100vw, 566px\" \/>\t\t\t\t\t\t\n\t\t\t\t\t<\/div>\n\t\t\t\t\t\t\t\t\n<style>\n#image_443024189 {\n  width: 100%;\n}\n<\/style>\n\t<\/div>\n\t\n\t\t<\/div>\n\t\t\t\t\t<\/div>\n\n\t\n<\/div>\n","protected":false},"excerpt":{"rendered":"","protected":false},"author":1,"featured_media":0,"parent":0,"menu_order":0,"comment_status":"closed","ping_status":"closed","template":"page-blank.php","meta":{"footnotes":""},"class_list":["post-815","page","type-page","status-publish","hentry"],"aioseo_notices":[],"_links":{"self":[{"href":"https:\/\/www.silvernurseeu.com\/hu\/wp-json\/wp\/v2\/pages\/815","targetHints":{"allow":["GET"]}}],"collection":[{"href":"https:\/\/www.silvernurseeu.com\/hu\/wp-json\/wp\/v2\/pages"}],"about":[{"href":"https:\/\/www.silvernurseeu.com\/hu\/wp-json\/wp\/v2\/types\/page"}],"author":[{"embeddable":true,"href":"https:\/\/www.silvernurseeu.com\/hu\/wp-json\/wp\/v2\/users\/1"}],"replies":[{"embeddable":true,"href":"https:\/\/www.silvernurseeu.com\/hu\/wp-json\/wp\/v2\/comments?post=815"}],"version-history":[{"count":2,"href":"https:\/\/www.silvernurseeu.com\/hu\/wp-json\/wp\/v2\/pages\/815\/revisions"}],"predecessor-version":[{"id":817,"href":"https:\/\/www.silvernurseeu.com\/hu\/wp-json\/wp\/v2\/pages\/815\/revisions\/817"}],"wp:attachment":[{"href":"https:\/\/www.silvernurseeu.com\/hu\/wp-json\/wp\/v2\/media?parent=815"}],"curies":[{"name":"wp","href":"https:\/\/api.w.org\/{rel}","templated":true}]}}