{"id":853,"date":"2023-02-06T08:59:47","date_gmt":"2023-02-06T08:59:47","guid":{"rendered":"https:\/\/dev.silvernurseeu.com\/gyik\/"},"modified":"2023-05-01T20:01:00","modified_gmt":"2023-05-01T20:01:00","slug":"gyik","status":"publish","type":"page","link":"https:\/\/www.silvernurseeu.com\/hu\/gyik\/","title":{"rendered":"GYIK"},"content":{"rendered":"  <div id=\"page-header-597905976\" class=\"page-header-wrapper\">\n  <div class=\"page-title dark normal-title\">\n\n        <div class=\"page-title-bg\">\n      <div class=\"title-bg fill bg-fill\"\n        data-parallax-container=\".page-title\"\n        data-parallax-background\n        data-parallax=\"-\">\n      <\/div>\n      <div class=\"title-overlay fill\"><\/div>\n    <\/div>\n    \n    <div class=\"page-title-inner container align-center flex-row medium-flex-wrap\" >\n              <div class=\"title-wrapper flex-col text-left medium-text-center\">\n          <h1 class=\"entry-title mb-0\">\n            GYIK          <\/h1>\n        <\/div>\n                    <div class=\"title-content flex-col flex-right text-right medium-text-center\">\n        <div class=\"title-breadcrumbs pb-half pt-half\"><nav class=\"woocommerce-breadcrumb breadcrumbs uppercase\">Kezd\u0151lap<\/nav><\/div>      <\/div>\n    <\/div>\n\n     \n<style>\n#page-header-597905976 .title-overlay {\n  background-color: rgba(255,255,255,.5);\n}\n#page-header-597905976 .normal-title {\n  background-color: #a16695;\n}\n<\/style>\n  <\/div>\n    <\/div>\n  \n<div class=\"container section-title-container\" style=\"margin-top:30px;\"><h3 class=\"section-title section-title-normal\"><b><\/b><span class=\"section-title-main\" >SilverNurse alapjai<\/span><b><\/b><\/h3><\/div>\n<div class=\"row\"  id=\"row-1562165299\">\n\n\t<div id=\"col-2103247723\" class=\"col small-12 large-12\"  >\n\t\t\t\t<div class=\"col-inner\"  >\n\t\t\t\n\t\t\t\n<div class=\"accordion\">\n\t<div id=\"accordion-3746560304\" class=\"accordion-item\">\n\t\t<a id=\"accordion-3746560304-label\" class=\"accordion-title plain\" href=\"#accordion-item-mikor-kell-a-silvernurse-t-haszn\u00e1lni?\" aria-expanded=\"false\" aria-controls=\"accordion-3746560304-content\" >\n\t\t\t<button class=\"toggle\" aria-label=\"Toggle\"><i class=\"icon-angle-down\"><\/i><\/button>\n\t\t\t<span>Mikor kell a SilverNurse-t haszn\u00e1lni?<\/span>\n\t\t<\/a>\n\t\t<div id=\"accordion-3746560304-content\" class=\"accordion-inner\" aria-labelledby=\"accordion-3746560304-label\" >\n\t\t\t\n<p>Sz\u00fcl\u00e9s el\u0151tt 2 (k\u00e9t) h\u00e9ttel prevenci\u00f3s c\u00e9lokra haszn\u00e1lhat\u00f3, de a sz\u00fcl\u00e9s ut\u00e1n m\u00e1r nem \u00e1rt elkezdeni haszn\u00e1lni. Min\u00e9l tov\u00e1bb haszn\u00e1lhatjuk sz\u00fclet\u00e9s ut\u00e1n, ann\u00e1l jobb eredm\u00e9nyeket \u00e9rhet\u00fcnk el.<\/p>\n\t\t<\/div>\n\t<\/div>\n\t\n\t<div id=\"accordion-3888361731\" class=\"accordion-item\">\n\t\t<a id=\"accordion-3888361731-label\" class=\"accordion-title plain\" href=\"#accordion-item-rendben-van-a-silvernurse-m\u00e1s-term\u00e9kekkel-val\u00f3-haszn\u00e1lata?\" aria-expanded=\"false\" aria-controls=\"accordion-3888361731-content\" >\n\t\t\t<button class=\"toggle\" aria-label=\"Toggle\"><i class=\"icon-angle-down\"><\/i><\/button>\n\t\t\t<span>Rendben van a SilverNurse m\u00e1s term\u00e9kekkel val\u00f3 haszn\u00e1lata?<\/span>\n\t\t<\/a>\n\t\t<div id=\"accordion-3888361731-content\" class=\"accordion-inner\" aria-labelledby=\"accordion-3888361731-label\" >\n\t\t\t\n<p>A SilverNurse-t haszn\u00e1lhatja mellp\u00e1rn\u00e1val vagy mellsz\u00edv\u00f3val.<br \/>\nHa mellp\u00e1rn\u00e1val szeretn\u00e9 haszn\u00e1lni, helyezze a SilverNurse-t a mellbimb\u00f3ira, majd haszn\u00e1lja r\u00e1 a mellp\u00e1rn\u00e1t.<br \/>\nTejpump\u00e1val t\u00f6rt\u00e9n\u0151 fej\u00e9s ut\u00e1n nem \u00e1rt haszn\u00e1lni.<\/p>\n\t\t<\/div>\n\t<\/div>\n\t\n\t<div id=\"accordion-547394552\" class=\"accordion-item\">\n\t\t<a id=\"accordion-547394552-label\" class=\"accordion-title plain\" href=\"#accordion-item-mit-kell-figyelembe-venni-a-silvernurse-haszn\u00e1latakor\" aria-expanded=\"false\" aria-controls=\"accordion-547394552-content\" >\n\t\t\t<button class=\"toggle\" aria-label=\"Toggle\"><i class=\"icon-angle-down\"><\/i><\/button>\n\t\t\t<span>Mit kell figyelembe venni a SilverNurse haszn\u00e1latakor<\/span>\n\t\t<\/a>\n\t\t<div id=\"accordion-547394552-content\" class=\"accordion-inner\" aria-labelledby=\"accordion-547394552-label\" >\n\t\t\t\n<p>Nem javasoljuk, hogy a SilverNurse haszn\u00e1lata k\u00f6zben semmilyen kr\u00e9met vagy gy\u00f3gyszert haszn\u00e1ljon a mellbimb\u00f3ira. A kr\u00e9mmel egy\u00fctt t\u00f6rt\u00e9n\u0151 haszn\u00e1lata cs\u00f6kkentheti annak hat\u00e9konys\u00e1g\u00e1t. Ha \u00fagy gondolja, hogy a SilverNurse elt\u00e1vol\u00edt\u00e1sa ut\u00e1n a tejmaradv\u00e1nyok szaga irrit\u00e1lhatja a bab\u00e1t, akkor \u00f3vatosan mossa meg vagy t\u00f6r\u00f6lje le a mellbimb\u00f3it irrit\u00e1ci\u00f3 n\u00e9lk\u00fcl.<\/p>\n\t\t<\/div>\n\t<\/div>\n\t\n\t<div id=\"accordion-2448750461\" class=\"accordion-item\">\n\t\t<a id=\"accordion-2448750461-label\" class=\"accordion-title plain\" href=\"#accordion-item-hogyan-tiszt\u00edtsam-meg-a-silvernurse-t?\" aria-expanded=\"false\" aria-controls=\"accordion-2448750461-content\" >\n\t\t\t<button class=\"toggle\" aria-label=\"Toggle\"><i class=\"icon-angle-down\"><\/i><\/button>\n\t\t\t<span>Hogyan tiszt\u00edtsam meg a SilverNurse-t?<\/span>\n\t\t<\/a>\n\t\t<div id=\"accordion-2448750461-content\" class=\"accordion-inner\" aria-labelledby=\"accordion-2448750461-label\" >\n\t\t\t\n<p>Felt\u00e9tel n\u00e9lk\u00fcl haszn\u00e1lhatja att\u00f3l a pillanatt\u00f3l kezdve, hogy el\u0151sz\u00f6r tal\u00e1lkozik SilverNurse-szal. Az ez\u00fcst \u00f6nfert\u0151tlen\u00edt\u0151 funkci\u00f3val rendelkezik, \u00edgy nem kell gyakran mosni. A term\u00e9ket havonta egyszer sz\u00f3dabikarb\u00f3n\u00e1val tiszt\u00edthatja. Az elj\u00e1r\u00e1s ut\u00e1n javasoljuk, hogy b\u0151 v\u00edzzel \u00f6bl\u00edtse le, \u00e9s sz\u00e1r\u00edtsa meg. Semmilyen k\u00f6r\u00fclm\u00e9nyek k\u00f6z\u00f6tt ne haszn\u00e1ljon fert\u0151tlen\u00edt\u0151- vagy mos\u00f3szert, \u00e9s soha ne mosogassa el mosogat\u00f3g\u00e9pben.<\/p>\n\t\t<\/div>\n\t<\/div>\n\t\n\t<div id=\"accordion-69069657\" class=\"accordion-item\">\n\t\t<a id=\"accordion-69069657-label\" class=\"accordion-title plain\" href=\"#accordion-item-silvernurse-\u00e9lettartama-\u00e9s-tartalma\" aria-expanded=\"false\" aria-controls=\"accordion-69069657-content\" >\n\t\t\t<button class=\"toggle\" aria-label=\"Toggle\"><i class=\"icon-angle-down\"><\/i><\/button>\n\t\t\t<span>SilverNurse \u00e9lettartama \u00e9s tartalma<\/span>\n\t\t<\/a>\n\t\t<div id=\"accordion-69069657-content\" class=\"accordion-inner\" aria-labelledby=\"accordion-69069657-label\" >\n\t\t\t\n<p>A SilverNurse nem rendelkezik \u00e9lettartammal, \u00e9s a hat\u00e9konys\u00e1ga nem cs\u00f6kken az id\u0151 m\u00fal\u00e1s\u00e1val. A 925-\u00f6s sterling ez\u00fcst a legtiszt\u00e1bb \u00f6nthet\u0151 ez\u00fcst. Semmilyen k\u00f6r\u00fclm\u00e9nyek k\u00f6z\u00f6tt nem tartalmaz nikkelt.<\/p>\n<p>Az ez\u00fcstbe\u00e1ll\u00edt\u00e1sokat ezres rendszerben hat\u00e1rozz\u00e1k meg, \u00e9s a legtiszt\u00e1bb ez\u00fcst \u00e9rt\u00e9k\u00e9t 1000-nek tekintik. A kereskedelmi ez\u00fcst 999-es tisztas\u00e1g\u00fa. A 925 sterling ez\u00fcst\u00f6t, k\u00f6zismert nev\u00e9n \u201eSterling Silver\u201d-t \u00e9kszerekben \u00e9s \u00e9kszerk\u00e9sz\u00edt\u00e9sben haszn\u00e1lj\u00e1k. A Silvernurse teljes eg\u00e9sz\u00e9ben k\u00e9zzel k\u00e9sz\u00fcl 925-\u00f6s sterling ez\u00fcstb\u0151l. Term\u00e9keink s\u00falya 6-7gr k\u00f6z\u00f6tt v\u00e1ltozik. A s\u00falyk\u00fcl\u00f6nbs\u00e9g oka, hogy a term\u00e9kek teljes eg\u00e9sz\u00e9ben k\u00e9zzel k\u00e9sz\u00fcltek. Teljesen nikkelmentes.<\/p>\n\t\t<\/div>\n\t<\/div>\n\t\n\t<div id=\"accordion-1588335614\" class=\"accordion-item\">\n\t\t<a id=\"accordion-1588335614-label\" class=\"accordion-title plain\" href=\"#accordion-item-mik-azok-az-iso-\u00e9s-ce-tan\u00fas\u00edtv\u00e1nyok?\" aria-expanded=\"false\" aria-controls=\"accordion-1588335614-content\" >\n\t\t\t<button class=\"toggle\" aria-label=\"Toggle\"><i class=\"icon-angle-down\"><\/i><\/button>\n\t\t\t<span>Mik azok az ISO \u00e9s CE tan\u00fas\u00edtv\u00e1nyok?<\/span>\n\t\t<\/a>\n\t\t<div id=\"accordion-1588335614-content\" class=\"accordion-inner\" aria-labelledby=\"accordion-1588335614-label\" >\n\t\t\t\n<p>Az ISO 9001 tan\u00fas\u00edtv\u00e1ny viszont azt a biztos\u00edt\u00e9kot hat\u00e1rozza meg, hogy az \u00e9rintett szervezet term\u00e9kei vagy szolg\u00e1ltat\u00e1sai a nemzetk\u00f6zileg elfogadott ir\u00e1ny\u00edt\u00e1si rendszernek megfelel\u0151en sz\u00e1ll\u00edtott \u00e9s kezelt vezet\u00e9si megk\u00f6zel\u00edt\u00e9s eredm\u00e9nyek\u00e9nt j\u00f6nnek l\u00e9tre, \u00e9s ez\u00e1ltal az biztos\u00edthat\u00f3 a szervezet term\u00e9k- \u00e9s szolg\u00e1ltat\u00e1smin\u0151s\u00e9ge<\/p>\n<p>Ez a jelz\u00e9s, amely az Eur\u00f3p\u00e1nak val\u00f3 megfelel\u0151s\u00e9get jelenti, azt jelzi, hogy a K\u00f6z\u00f6ss\u00e9gben \u00e9rt\u00e9kes\u00edtett term\u00e9keket a minim\u00e1lis biztons\u00e1gi, eg\u00e9szs\u00e9g\u00fcgyi \u00e9s k\u00f6rnyezetv\u00e9delmi k\u00f6vetelm\u00e9nyeknek megfelel\u0151en ellen\u0151rzik\/\u00e9rt\u00e9kelik.<\/p>\n\t\t<\/div>\n\t<\/div>\n\t\n<\/div>\n\t\t<\/div>\n\t\t\t\t\t<\/div>\n\n\t\n<\/div>\n<div class=\"container section-title-container\" style=\"margin-top:30px;\"><h3 class=\"section-title section-title-normal\"><b><\/b><span class=\"section-title-main\" >Visszat\u00e9r\u00e9s<\/span><b><\/b><\/h3><\/div>\n<div class=\"row\"  id=\"row-321154178\">\n\n\t<div id=\"col-629905835\" class=\"col small-12 large-12\"  >\n\t\t\t\t<div class=\"col-inner\"  >\n\t\t\t\n\t\t\t\n<div class=\"accordion\">\n\t<div id=\"accordion-2800835393\" class=\"accordion-item\">\n\t\t<a id=\"accordion-2800835393-label\" class=\"accordion-title plain\" href=\"#accordion-item-hogyan-b\u00edzhatok-meg-a-silvernurse-ban?\" aria-expanded=\"false\" aria-controls=\"accordion-2800835393-content\" >\n\t\t\t<button class=\"toggle\" aria-label=\"Toggle\"><i class=\"icon-angle-down\"><\/i><\/button>\n\t\t\t<span>Hogyan b\u00edzhatok meg a SilverNurse-ban?<\/span>\n\t\t<\/a>\n\t\t<div id=\"accordion-2800835393-content\" class=\"accordion-inner\" aria-labelledby=\"accordion-2800835393-label\" >\n\t\t\t\n<p>SilverNurse-k\u00e9nt c\u00e9lunk az, hogy 100%-os vev\u0151i el\u00e9gedetts\u00e9get biztos\u00edtsunk. Felt\u00e9tel n\u00e9lk\u00fcli visszat\u00e9r\u00edt\u00e9st biztos\u00edtunk minden olyan \u00fcgyfel\u00fcnknek, aki 14 napon bel\u00fcl nem el\u00e9gedett ezzel a rendel\u00e9ssel.<\/p>\n\t\t<\/div>\n\t<\/div>\n\t\n\t<div id=\"accordion-3663226414\" class=\"accordion-item\">\n\t\t<a id=\"accordion-3663226414-label\" class=\"accordion-title plain\" href=\"#accordion-item-rendben-van-a-silvernurse-m\u00e1s-term\u00e9kekkel-val\u00f3-haszn\u00e1lata?\" aria-expanded=\"false\" aria-controls=\"accordion-3663226414-content\" >\n\t\t\t<button class=\"toggle\" aria-label=\"Toggle\"><i class=\"icon-angle-down\"><\/i><\/button>\n\t\t\t<span>Rendben van a SilverNurse m\u00e1s term\u00e9kekkel val\u00f3 haszn\u00e1lata?<\/span>\n\t\t<\/a>\n\t\t<div id=\"accordion-3663226414-content\" class=\"accordion-inner\" aria-labelledby=\"accordion-3663226414-label\" >\n\t\t\t\n<p>Tekintse \u00e1t akkredit\u00e1lt laborat\u00f3riumaink eredm\u00e9nyeit, CE \u00e9s ISO tan\u00fas\u00edtv\u00e1nyainkat, \u00edgy megb\u00edzhat benn\u00fcnk.<\/p>\n\t\t<\/div>\n\t<\/div>\n\t\n<\/div>\n\t\t<\/div>\n\t\t\t\t\t<\/div>\n\n\t\n<\/div>\n<div class=\"container section-title-container\" style=\"margin-top:30px;\"><h3 class=\"section-title section-title-normal\"><b><\/b><span class=\"section-title-main\" >Van m\u00e9g k\u00e9rd\u00e9se?<\/span><b><\/b><\/h3><\/div>\n<div class=\"row\"  id=\"row-33810620\">\n\n\t<div id=\"col-1841117200\" class=\"col medium-4 small-12 large-4\"  >\n\t\t\t\t<div class=\"col-inner\"  >\n\t\t\t\n\t\t\t\n<p><a href=\"https:\/\/www.silvernurseeu.com\/hu\/lepjen-kapcsolatba-velunk\/\" class=\"lead\">L\u00e9pjen kapcsolatba vel\u00fcnk<\/a><\/p>\n\t\t<\/div>\n\t\t\t\t\t<\/div>\n\n\t\n\n\t<div id=\"col-2053410512\" class=\"col sn-contact-form-wrap medium-8 small-12 large-8\"  >\n\t\t\t\t<div class=\"col-inner\"  >\n\t\t\t\n\t\t\t\n<p class=\"wpcf7-contact-form-not-found\"><strong>Hiba:<\/strong> Kapcsolatfelv\u00e9teli \u0171rlap nem tal\u00e1lhat\u00f3.<\/p>\n\t\t<\/div>\n\t\t\t\t\t<\/div>\n\n\t\n<\/div>\n","protected":false},"excerpt":{"rendered":"","protected":false},"author":1,"featured_media":0,"parent":0,"menu_order":0,"comment_status":"closed","ping_status":"closed","template":"page-blank.php","meta":{"footnotes":""},"class_list":["post-853","page","type-page","status-publish","hentry"],"aioseo_notices":[],"_links":{"self":[{"href":"https:\/\/www.silvernurseeu.com\/hu\/wp-json\/wp\/v2\/pages\/853","targetHints":{"allow":["GET"]}}],"collection":[{"href":"https:\/\/www.silvernurseeu.com\/hu\/wp-json\/wp\/v2\/pages"}],"about":[{"href":"https:\/\/www.silvernurseeu.com\/hu\/wp-json\/wp\/v2\/types\/page"}],"author":[{"embeddable":true,"href":"https:\/\/www.silvernurseeu.com\/hu\/wp-json\/wp\/v2\/users\/1"}],"replies":[{"embeddable":true,"href":"https:\/\/www.silvernurseeu.com\/hu\/wp-json\/wp\/v2\/comments?post=853"}],"version-history":[{"count":5,"href":"https:\/\/www.silvernurseeu.com\/hu\/wp-json\/wp\/v2\/pages\/853\/revisions"}],"predecessor-version":[{"id":858,"href":"https:\/\/www.silvernurseeu.com\/hu\/wp-json\/wp\/v2\/pages\/853\/revisions\/858"}],"wp:attachment":[{"href":"https:\/\/www.silvernurseeu.com\/hu\/wp-json\/wp\/v2\/media?parent=853"}],"curies":[{"name":"wp","href":"https:\/\/api.w.org\/{rel}","templated":true}]}}