{"id":859,"date":"2023-02-06T08:59:47","date_gmt":"2023-02-06T08:59:47","guid":{"rendered":"https:\/\/dev.silvernurseeu.com\/czesto-zadawane-pytania\/"},"modified":"2023-05-01T20:09:47","modified_gmt":"2023-05-01T20:09:47","slug":"czesto-zadawane-pytania","status":"publish","type":"page","link":"https:\/\/www.silvernurseeu.com\/pl\/czesto-zadawane-pytania\/","title":{"rendered":"Cz\u0119sto Zadawane Pytania"},"content":{"rendered":"  <div id=\"page-header-1214503284\" class=\"page-header-wrapper\">\n  <div class=\"page-title dark normal-title\">\n\n        <div class=\"page-title-bg\">\n      <div class=\"title-bg fill bg-fill\"\n        data-parallax-container=\".page-title\"\n        data-parallax-background\n        data-parallax=\"-\">\n      <\/div>\n      <div class=\"title-overlay fill\"><\/div>\n    <\/div>\n    \n    <div class=\"page-title-inner container align-center flex-row medium-flex-wrap\" >\n              <div class=\"title-wrapper flex-col text-left medium-text-center\">\n          <h1 class=\"entry-title mb-0\">\n            Cz\u0119sto Zadawane Pytania          <\/h1>\n        <\/div>\n                    <div class=\"title-content flex-col flex-right text-right medium-text-center\">\n        <div class=\"title-breadcrumbs pb-half pt-half\"><nav class=\"woocommerce-breadcrumb breadcrumbs uppercase\">Strona g\u0142\u00f3wna<\/nav><\/div>      <\/div>\n    <\/div>\n\n     \n<style>\n#page-header-1214503284 .title-overlay {\n  background-color: rgba(255,255,255,.5);\n}\n#page-header-1214503284 .normal-title {\n  background-color: #a16695;\n}\n<\/style>\n  <\/div>\n    <\/div>\n  \n<div class=\"container section-title-container\" style=\"margin-top:30px;\"><h3 class=\"section-title section-title-normal\"><b><\/b><span class=\"section-title-main\" >Podstawy SilverNurse<\/span><b><\/b><\/h3><\/div>\n<div class=\"row\"  id=\"row-702262298\">\n\n\t<div id=\"col-225066570\" class=\"col small-12 large-12\"  >\n\t\t\t\t<div class=\"col-inner\"  >\n\t\t\t\n\t\t\t\n<div class=\"accordion\">\n\t<div id=\"accordion-204457124\" class=\"accordion-item\">\n\t\t<a id=\"accordion-204457124-label\" class=\"accordion-title plain\" href=\"#accordion-item-when-should-silvernurse-be-used?\" aria-expanded=\"false\" aria-controls=\"accordion-204457124-content\" >\n\t\t\t<button class=\"toggle\" aria-label=\"Prze\u0142\u0105cznik\"><i class=\"icon-angle-down\"><\/i><\/button>\n\t\t\t<span>When Should SilverNurse Be Used?<\/span>\n\t\t<\/a>\n\t\t<div id=\"accordion-204457124-content\" class=\"accordion-inner\" aria-labelledby=\"accordion-204457124-label\" >\n\t\t\t\n<p>Mo\u017cna go stosowa\u0107 zapobiegawczo na 2 (dwa) tygodnie przed porodem, ale mo\u017cna zacz\u0105\u0107 go stosowa\u0107 zaraz po urodzeniu. Im d\u0142u\u017cej mo\u017cemy go stosowa\u0107 po porodzie, tym lepsze efekty mo\u017cemy uzyska\u0107.<\/p>\n\t\t<\/div>\n\t<\/div>\n\t\n\t<div id=\"accordion-3575656112\" class=\"accordion-item\">\n\t\t<a id=\"accordion-3575656112-label\" class=\"accordion-title plain\" href=\"#accordion-item-czy-mo\u017cna-u\u017cywa\u0107-silvernurse-z-innymi-produktami?\" aria-expanded=\"false\" aria-controls=\"accordion-3575656112-content\" >\n\t\t\t<button class=\"toggle\" aria-label=\"Prze\u0142\u0105cznik\"><i class=\"icon-angle-down\"><\/i><\/button>\n\t\t\t<span>Czy mo\u017cna u\u017cywa\u0107 SilverNurse z innymi produktami?<\/span>\n\t\t<\/a>\n\t\t<div id=\"accordion-3575656112-content\" class=\"accordion-inner\" aria-labelledby=\"accordion-3575656112-label\" >\n\t\t\t\n<p>Mo\u017cesz u\u017cywa\u0107 SilverNurse z wk\u0142adk\u0105 laktacyjn\u0105 lub laktatorem.<br \/>\nJe\u015bli zamierzasz u\u017cywa\u0107 go z wk\u0142adk\u0105 laktacyjn\u0105, mo\u017cesz umie\u015bci\u0107 SilverNurse na sutkach, a nast\u0119pnie u\u017cy\u0107 na niej wk\u0142adki laktacyjnej.<br \/>\nNie zaszkodzi u\u017cywa\u0107 go po dojeniu laktatorem.<\/p>\n\t\t<\/div>\n\t<\/div>\n\t\n\t<div id=\"accordion-329118587\" class=\"accordion-item\">\n\t\t<a id=\"accordion-329118587-label\" class=\"accordion-title plain\" href=\"#accordion-item-rzeczy,-kt\u00f3re-nale\u017cy-wzi\u0105\u0107-pod-uwag\u0119-podczas-korzystania-z-silvernurse\" aria-expanded=\"false\" aria-controls=\"accordion-329118587-content\" >\n\t\t\t<button class=\"toggle\" aria-label=\"Prze\u0142\u0105cznik\"><i class=\"icon-angle-down\"><\/i><\/button>\n\t\t\t<span>Rzeczy, kt\u00f3re nale\u017cy wzi\u0105\u0107 pod uwag\u0119 podczas korzystania z SilverNurse<\/span>\n\t\t<\/a>\n\t\t<div id=\"accordion-329118587-content\" class=\"accordion-inner\" aria-labelledby=\"accordion-329118587-label\" >\n\t\t\t\n<p>Nie zalecamy stosowania \u017cadnych krem\u00f3w ani lek\u00f3w na sutki podczas stosowania SilverNurse. Stosowanie go razem z kremem mo\u017ce zmniejsza\u0107 jego skuteczno\u015b\u0107. Je\u015bli uwa\u017casz, \u017ce zapach resztek mleka mo\u017ce podra\u017cni\u0107 Twoje dziecko po wyj\u0119ciu SilverNurse, mo\u017cesz delikatnie umy\u0107 brodawki lub wytrze\u0107 je bez podra\u017cnie\u0144.<\/p>\n\t\t<\/div>\n\t<\/div>\n\t\n\t<div id=\"accordion-902205380\" class=\"accordion-item\">\n\t\t<a id=\"accordion-902205380-label\" class=\"accordion-title plain\" href=\"#accordion-item-jak-czy\u015bci\u0107-silvernurse?\" aria-expanded=\"false\" aria-controls=\"accordion-902205380-content\" >\n\t\t\t<button class=\"toggle\" aria-label=\"Prze\u0142\u0105cznik\"><i class=\"icon-angle-down\"><\/i><\/button>\n\t\t\t<span>Jak czy\u015bci\u0107 SilverNurse?<\/span>\n\t\t<\/a>\n\t\t<div id=\"accordion-902205380-content\" class=\"accordion-inner\" aria-labelledby=\"accordion-902205380-label\" >\n\t\t\t\n<p>Mo\u017cesz go u\u017cywa\u0107 bezwarunkowo od momentu pierwszego spotkania z SilverNurse. Srebro ma w\u0142a\u015bciwo\u015bci samodezynfekuj\u0105ce, dzi\u0119ki czemu nie trzeba go cz\u0119sto my\u0107. Produkt mo\u017cna czy\u015bci\u0107 przemywaj\u0105c go sod\u0105 oczyszczon\u0105 raz w miesi\u0105cu. Po tym procesie zalecamy sp\u0142ukanie du\u017c\u0105 ilo\u015bci\u0105 wody i wysuszenie. W \u017cadnym wypadku nie nale\u017cy u\u017cywa\u0107 \u015brodk\u00f3w dezynfekuj\u0105cych ani detergent\u00f3w i nigdy nie nale\u017cy my\u0107 w zmywarce.<\/p>\n\t\t<\/div>\n\t<\/div>\n\t\n\t<div id=\"accordion-2294548895\" class=\"accordion-item\">\n\t\t<a id=\"accordion-2294548895-label\" class=\"accordion-title plain\" href=\"#accordion-item-silvernurse-lifetime-i-zawarto\u015b\u0107\" aria-expanded=\"false\" aria-controls=\"accordion-2294548895-content\" >\n\t\t\t<button class=\"toggle\" aria-label=\"Prze\u0142\u0105cznik\"><i class=\"icon-angle-down\"><\/i><\/button>\n\t\t\t<span>SilverNurse Lifetime i zawarto\u015b\u0107<\/span>\n\t\t<\/a>\n\t\t<div id=\"accordion-2294548895-content\" class=\"accordion-inner\" aria-labelledby=\"accordion-2294548895-label\" >\n\t\t\t\n<p>SilverNurse nie ma do\u017cywotniej przydatno\u015bci, a jego skuteczno\u015b\u0107 nie zmniejszy si\u0119 z up\u0142ywem czasu. Srebro pr\u00f3by 925 jest najczystszym srebrem, jakie mo\u017cna odlewa\u0107. W \u017cadnym wypadku nie zawiera niklu.<\/p>\n<p>Oprawy srebra s\u0105 okre\u015blone w systemie tysi\u0105ca, a warto\u015b\u0107 najczystszego srebra przyjmuje si\u0119 za 1000. Srebro handlowe ma czysto\u015b\u0107 999. Srebro pr\u00f3by 925 powszechnie znane jako \u201eSrebro Sterling\u201d jest u\u017cywane w bi\u017cuterii i tworzeniu bi\u017cuterii. Silvernurse jest produkowany w ca\u0142o\u015bci r\u0119cznie ze srebra pr\u00f3by 925. Waga naszych produkt\u00f3w waha si\u0119 mi\u0119dzy 6-7gr. Przyczyn\u0105 r\u00f3\u017cnicy w wadze jest to, \u017ce produkty s\u0105 wykonane ca\u0142kowicie r\u0119cznie. Jest ca\u0142kowicie wolny od niklu.<\/p>\n\t\t<\/div>\n\t<\/div>\n\t\n\t<div id=\"accordion-3288492913\" class=\"accordion-item\">\n\t\t<a id=\"accordion-3288492913-label\" class=\"accordion-title plain\" href=\"#accordion-item-czym-s\u0105-certyfikaty-iso-i-ce?\" aria-expanded=\"false\" aria-controls=\"accordion-3288492913-content\" >\n\t\t\t<button class=\"toggle\" aria-label=\"Prze\u0142\u0105cznik\"><i class=\"icon-angle-down\"><\/i><\/button>\n\t\t\t<span>Czym s\u0105 certyfikaty ISO i CE?<\/span>\n\t\t<\/a>\n\t\t<div id=\"accordion-3288492913-content\" class=\"accordion-inner\" aria-labelledby=\"accordion-3288492913-label\" >\n\t\t\t\n<p>Certyfikat ISO 9001 natomiast okre\u015bla pewno\u015b\u0107, \u017ce produkty lub us\u0142ugi danej organizacji powstaj\u0105 w wyniku podej\u015bcia do zarz\u0105dzania, kt\u00f3re jest wysy\u0142ane i zarz\u0105dzane zgodnie z mi\u0119dzynarodowo przyj\u0119tym systemem zarz\u0105dzania, a tym samym ci\u0105g\u0142o\u015b\u0107 mo\u017cna zapewni\u0107 jako\u015b\u0107 produkt\u00f3w i us\u0142ug organizacji<\/p>\n<p>Znak ten, oznaczaj\u0105cy zgodno\u015b\u0107 z Europ\u0105, oznacza, \u017ce produkty sprzedawane na terenie Wsp\u00f3lnoty s\u0105 sprawdzane\/oceniane zgodnie z minimalnymi wymaganiami w zakresie bezpiecze\u0144stwa, zdrowia i ochrony \u015brodowiska.<\/p>\n\t\t<\/div>\n\t<\/div>\n\t\n<\/div>\n\t\t<\/div>\n\t\t\t\t\t<\/div>\n\n\t\n<\/div>\n<div class=\"container section-title-container\" style=\"margin-top:30px;\"><h3 class=\"section-title section-title-normal\"><b><\/b><span class=\"section-title-main\" >Polityka zwrot\u00f3w<\/span><b><\/b><\/h3><\/div>\n<div class=\"row\"  id=\"row-1331249593\">\n\n\t<div id=\"col-574135752\" class=\"col small-12 large-12\"  >\n\t\t\t\t<div class=\"col-inner\"  >\n\t\t\t\n\t\t\t\n<div class=\"accordion\">\n\t<div id=\"accordion-728010530\" class=\"accordion-item\">\n\t\t<a id=\"accordion-728010530-label\" class=\"accordion-title plain\" href=\"#accordion-item-jak-mog\u0119-zaufa\u0107-silvernurse?\" aria-expanded=\"false\" aria-controls=\"accordion-728010530-content\" >\n\t\t\t<button class=\"toggle\" aria-label=\"Prze\u0142\u0105cznik\"><i class=\"icon-angle-down\"><\/i><\/button>\n\t\t\t<span>Jak mog\u0119 zaufa\u0107 SilverNurse?<\/span>\n\t\t<\/a>\n\t\t<div id=\"accordion-728010530-content\" class=\"accordion-inner\" aria-labelledby=\"accordion-728010530-label\" >\n\t\t\t\n<p>Jako SilverNurse naszym celem jest zapewnienie 100% satysfakcji klienta. Zapewniamy bezwarunkowe zwroty pieni\u0119dzy wszystkim naszym klientom, kt\u00f3rzy nie s\u0105 zadowoleni z tego zam\u00f3wienia w ci\u0105gu 14 dni.<\/p>\n\t\t<\/div>\n\t<\/div>\n\t\n\t<div id=\"accordion-3345201626\" class=\"accordion-item\">\n\t\t<a id=\"accordion-3345201626-label\" class=\"accordion-title plain\" href=\"#accordion-item-czy-mo\u017cna-u\u017cywa\u0107-silvernurse-z-innymi-produktami?\" aria-expanded=\"false\" aria-controls=\"accordion-3345201626-content\" >\n\t\t\t<button class=\"toggle\" aria-label=\"Prze\u0142\u0105cznik\"><i class=\"icon-angle-down\"><\/i><\/button>\n\t\t\t<span>Czy mo\u017cna u\u017cywa\u0107 SilverNurse z innymi produktami?<\/span>\n\t\t<\/a>\n\t\t<div id=\"accordion-3345201626-content\" class=\"accordion-inner\" aria-labelledby=\"accordion-3345201626-label\" >\n\t\t\t\n<p>Mo\u017cesz przejrze\u0107 wyniki naszych Akredytowanych Laboratori\u00f3w, certyfikaty CE i ISO, aby\u015b m\u00f3g\u0142 nam zaufa\u0107.<\/p>\n\t\t<\/div>\n\t<\/div>\n\t\n<\/div>\n\t\t<\/div>\n\t\t\t\t\t<\/div>\n\n\t\n<\/div>\n<div class=\"container section-title-container\" style=\"margin-top:30px;\"><h3 class=\"section-title section-title-normal\"><b><\/b><span class=\"section-title-main\" >Nadal masz pytania?<\/span><b><\/b><\/h3><\/div>\n<div class=\"row\"  id=\"row-17400427\">\n\n\t<div id=\"col-155146172\" class=\"col medium-4 small-12 large-4\"  >\n\t\t\t\t<div class=\"col-inner\"  >\n\t\t\t\n\t\t\t\n<p><a href=\"https:\/\/www.silvernurseeu.com\/pl\/skontaktuj-sie-z-nami\/\" class=\"lead\">Skontaktuj si\u0119 z nami<\/a><\/p>\n\t\t<\/div>\n\t\t\t\t\t<\/div>\n\n\t\n\n\t<div id=\"col-80518999\" class=\"col sn-contact-form-wrap medium-8 small-12 large-8\"  >\n\t\t\t\t<div class=\"col-inner\"  >\n\t\t\t\n\t\t\t\n<p class=\"wpcf7-contact-form-not-found\"><strong>B\u0142\u0105d:<\/strong> Brak formularza kontaktowego.<\/p>\n\t\t<\/div>\n\t\t\t\t\t<\/div>\n\n\t\n<\/div>\n","protected":false},"excerpt":{"rendered":"","protected":false},"author":1,"featured_media":0,"parent":0,"menu_order":0,"comment_status":"closed","ping_status":"closed","template":"page-blank.php","meta":{"footnotes":""},"class_list":["post-859","page","type-page","status-publish","hentry"],"aioseo_notices":[],"_links":{"self":[{"href":"https:\/\/www.silvernurseeu.com\/pl\/wp-json\/wp\/v2\/pages\/859","targetHints":{"allow":["GET"]}}],"collection":[{"href":"https:\/\/www.silvernurseeu.com\/pl\/wp-json\/wp\/v2\/pages"}],"about":[{"href":"https:\/\/www.silvernurseeu.com\/pl\/wp-json\/wp\/v2\/types\/page"}],"author":[{"embeddable":true,"href":"https:\/\/www.silvernurseeu.com\/pl\/wp-json\/wp\/v2\/users\/1"}],"replies":[{"embeddable":true,"href":"https:\/\/www.silvernurseeu.com\/pl\/wp-json\/wp\/v2\/comments?post=859"}],"version-history":[{"count":2,"href":"https:\/\/www.silvernurseeu.com\/pl\/wp-json\/wp\/v2\/pages\/859\/revisions"}],"predecessor-version":[{"id":861,"href":"https:\/\/www.silvernurseeu.com\/pl\/wp-json\/wp\/v2\/pages\/859\/revisions\/861"}],"wp:attachment":[{"href":"https:\/\/www.silvernurseeu.com\/pl\/wp-json\/wp\/v2\/media?parent=859"}],"curies":[{"name":"wp","href":"https:\/\/api.w.org\/{rel}","templated":true}]}}