{"id":793,"date":"2023-02-06T08:58:09","date_gmt":"2023-02-06T08:58:09","guid":{"rendered":"https:\/\/dev.silvernurseeu.com\/o-nas\/"},"modified":"2023-03-23T13:51:41","modified_gmt":"2023-03-23T13:51:41","slug":"o-nas","status":"publish","type":"page","link":"https:\/\/www.silvernurseeu.com\/sk\/o-nas\/","title":{"rendered":"O n\u00e1s"},"content":{"rendered":"  <div id=\"page-header-893085976\" class=\"page-header-wrapper\">\n  <div class=\"page-title dark normal-title\">\n\n        <div class=\"page-title-bg\">\n      <div class=\"title-bg fill bg-fill\"\n        data-parallax-container=\".page-title\"\n        data-parallax-background\n        data-parallax=\"-\">\n      <\/div>\n      <div class=\"title-overlay fill\"><\/div>\n    <\/div>\n    \n    <div class=\"page-title-inner container align-center flex-row medium-flex-wrap\" >\n              <div class=\"title-wrapper flex-col text-left medium-text-center\">\n          <h1 class=\"entry-title mb-0\">\n            O n\u00e1s          <\/h1>\n        <\/div>\n                    <div class=\"title-content flex-col flex-right text-right medium-text-center\">\n        <div class=\"title-breadcrumbs pb-half pt-half\"><nav class=\"woocommerce-breadcrumb breadcrumbs uppercase\">Domov<\/nav><\/div>      <\/div>\n    <\/div>\n\n     \n<style>\n#page-header-893085976 .title-overlay {\n  background-color: rgba(255,255,255,.5);\n}\n#page-header-893085976 .normal-title {\n  background-color: #a16695;\n}\n<\/style>\n  <\/div>\n    <\/div>\n  \n<div class=\"row\"  id=\"row-1324537828\">\n\n\t<div id=\"col-1280942970\" class=\"col medium-6 small-12 large-6\"  data-animate=\"fadeInLeft\">\n\t\t\t\t<div class=\"col-inner\"  >\n\t\t\t\n\t\t\t\n\t<div class=\"box has-hover sn-about-video  has-hover box-default box-text-bottom\" >\n\n\t\t<div class=\"box-image\" >\n\t\t\t\t\t\t<div class=\"\" >\n\t\t\t\t<img decoding=\"async\" width=\"1920\" height=\"1920\" src=\"https:\/\/www.silvernurseeu.com\/wp-content\/uploads\/2023\/02\/silver-nurse-with-box-and-bag.jpeg\" class=\"attachment- size-\" alt=\"Silver Nurse with box and bag\" srcset=\"https:\/\/www.silvernurseeu.com\/wp-content\/uploads\/2023\/02\/silver-nurse-with-box-and-bag.jpeg 1920w, https:\/\/www.silvernurseeu.com\/wp-content\/uploads\/2023\/02\/silver-nurse-with-box-and-bag-400x400.jpeg 400w, https:\/\/www.silvernurseeu.com\/wp-content\/uploads\/2023\/02\/silver-nurse-with-box-and-bag-800x800.jpeg 800w, https:\/\/www.silvernurseeu.com\/wp-content\/uploads\/2023\/02\/silver-nurse-with-box-and-bag-280x280.jpeg 280w, https:\/\/www.silvernurseeu.com\/wp-content\/uploads\/2023\/02\/silver-nurse-with-box-and-bag-768x768.jpeg 768w, https:\/\/www.silvernurseeu.com\/wp-content\/uploads\/2023\/02\/silver-nurse-with-box-and-bag-1536x1536.jpeg 1536w, https:\/\/www.silvernurseeu.com\/wp-content\/uploads\/2023\/02\/silver-nurse-with-box-and-bag-300x300.jpeg 300w, https:\/\/www.silvernurseeu.com\/wp-content\/uploads\/2023\/02\/silver-nurse-with-box-and-bag-600x600.jpeg 600w, https:\/\/www.silvernurseeu.com\/wp-content\/uploads\/2023\/02\/silver-nurse-with-box-and-bag-100x100.jpeg 100w\" sizes=\"(max-width: 1920px) 100vw, 1920px\" \/>\t\t\t\t\t\t\t\t\t\t\t<\/div>\n\t\t\t\t\t<\/div>\n\n\t\t<div class=\"box-text text-center dark\" >\n\t\t\t<div class=\"box-text-inner\">\n\t\t\t\t\n<div class=\"video-button-wrapper\" ><a href=\"https:\/\/www.youtube.com\/watch?v=aSnIxfwu0VU&#038;ab_channel=SilverNurse\" class=\"button open-video icon circle is-outline is-xlarge\"><i class=\"icon-play\" style=\"font-size:1.5em;\" ><\/i><\/a><\/div>\n\t\t\t<\/div>\n\t\t<\/div>\n\t<\/div>\n\t\n\t\t<\/div>\n\t\t\t\t\t<\/div>\n\n\t\n\n\t<div id=\"col-1078856322\" class=\"col medium-6 small-12 large-6\"  data-animate=\"fadeInUp\">\n\t\t\t\t<div class=\"col-inner text-left\"  >\n\t\t\t\n\t\t\t\n\t<div id=\"text-248063007\" class=\"text\">\n\t\t\n<h3 class=\"uppercase thin-font\">SILVER NURSE EU<\/h3>\n<p>Svoje miesto na svetovom trhu sme zaujali s produktami vyr\u00e1ban\u00fdmi lok\u00e1lne a bez naru\u0161enia svetov\u00fdch \u0161tandardov kvality. Stali sme sa jedinou univerzitne schv\u00e1lenou produkciou Silver Nursing Cups- Strieborn\u00fdch doj\u010densk\u00fdch poh\u00e1rikov. Od svojho zalo\u017eenia v roku 2018 sa SilverNurse stala spolo\u010dnos\u0165ou pred\u00e1vaj\u00facou na 3 kontinentoch. Na\u0161e produkty pred\u00e1vame v Turecku, Eur\u00f3pe, Amerike, Azerbajd\u017eane a vo Ve\u013ekej Brit\u00e1nii.<\/p>\n\t\t\n<style>\n#text-248063007 {\n  text-align: left;\n}\n<\/style>\n\t<\/div>\n\t\n\t\t<\/div>\n\t\t\t\t\n<style>\n#col-1078856322 > .col-inner {\n  padding: 0px 0px 0px 0px;\n}\n@media (min-width:550px) {\n  #col-1078856322 > .col-inner {\n    padding: 50px 0px 0px 0px;\n  }\n}\n@media (min-width:850px) {\n  #col-1078856322 > .col-inner {\n    padding: 150px 0px 0px 0px;\n  }\n}\n<\/style>\n\t<\/div>\n\n\t\n<\/div>\n\n<div class=\"row\"  id=\"row-675790596\">\n\n\t<div id=\"col-806064888\" class=\"col medium-5 small-12 large-5\"  data-animate=\"blurIn\">\n\t\t\t\t<div class=\"col-inner\"  >\n\t\t\t\n\t\t\t\n<h3 class=\"uppercase thin-font\">Z tohto fascinuj\u00faceho pr\u00edbehu<\/h3>\n<p>a po storo\u010diach v\u00fdskumu nespochybnite\u013enej \u00fa\u010dinnosti na medic\u00ednske \u00fa\u010dely, pramen\u00ed na\u0161a snaha dopravi\u0165 kvalitu striebra konkr\u00e9tne matk\u00e1m s de\u0165mi.<\/p>\n<p>Striebro je prvok, ktor\u00fd sa vo svojej prirodzenej podobe nach\u00e1dza v celozrnn\u00fdch obilnin\u00e1ch, jedl\u00fdch hub\u00e1ch, mlieku cicavcov, pramenitej vode, morskej vode a vo vode z vodovodu. Kv\u00f4li jeho lie\u010div\u00fdm \u00fa\u010dinkom, sa viac u\u017e ako dvetis\u00edc rokov pou\u017e\u00edva na medic\u00ednske \u00fa\u010dely a hr\u00e1 k\u013e\u00fa\u010dov\u00fa rolu pri ochrane \u013eudsk\u00e9ho zdravia.<\/p>\n<p>U\u017e starovek\u00e9 civiliz\u00e1cie vedeli, \u017ee striebro m\u00e1 siln\u00e9 antimikrobi\u00e1lne \u00fa\u010dinky. F\u00e9ni\u010dania preto skladovali vodu, v\u00edno a ocot v strieborn\u00fdch n\u00e1dob\u00e1ch, aby sa nepokazili. V stredoveku d\u00e1vali bohat\u00ed krstn\u00ed rodi\u010dia strieborn\u00e9 ly\u017eice pri krste det\u00ed ako dar\u010deky. T\u00ed, ktor\u00ed sa \u201enarodili so striebornou ly\u017eicou v \u00fastach\u201c, mali mo\u017enos\u0165 vyu\u017e\u00edva\u0165 \u010distiace a antibiotick\u00e9 vlastnost\u00ed striebra.<\/p>\n<p>Dusi\u010dnan strieborn\u00fd sa od dev\u00e4tn\u00e1steho storo\u010dia pou\u017e\u00edval na o\u0161etrovanie otvoren\u00fdch r\u00e1n a ko\u017en\u00fdch vredov. V roku 1852 sa za\u010dali strieborn\u00e9 vl\u00e1kna pou\u017e\u00edva\u0165 aj ako stehy, kv\u00f4li ich hojiv\u00fdm \u00fa\u010dinkom na po\u0161koden\u00e9 tkanivo.<\/p>\n\t\t<\/div>\n\t\t\t\t\t<\/div>\n\n\t\n\n\t<div id=\"col-853458495\" class=\"col medium-7 small-12 large-7\"  data-animate=\"blurIn\">\n\t\t\t\t<div class=\"col-inner\"  >\n\t\t\t\n\t\t\t\n\t<div class=\"img has-hover x md-x lg-x y md-y lg-y\" id=\"image_1963790907\">\n\t\t\t\t\t\t\t\t<div class=\"img-inner dark\" >\n\t\t\t<img decoding=\"async\" width=\"566\" height=\"800\" src=\"https:\/\/www.silvernurseeu.com\/wp-content\/uploads\/2023\/02\/sn-declaration-of-conformity-566x800.jpeg\" class=\"attachment-large size-large\" alt=\"Declaration of Conformity\" srcset=\"https:\/\/www.silvernurseeu.com\/wp-content\/uploads\/2023\/02\/sn-declaration-of-conformity-566x800.jpeg 566w, https:\/\/www.silvernurseeu.com\/wp-content\/uploads\/2023\/02\/sn-declaration-of-conformity-283x400.jpeg 283w, https:\/\/www.silvernurseeu.com\/wp-content\/uploads\/2023\/02\/sn-declaration-of-conformity-768x1086.jpeg 768w, https:\/\/www.silvernurseeu.com\/wp-content\/uploads\/2023\/02\/sn-declaration-of-conformity-1086x1536.jpeg 1086w, https:\/\/www.silvernurseeu.com\/wp-content\/uploads\/2023\/02\/sn-declaration-of-conformity-600x849.jpeg 600w, https:\/\/www.silvernurseeu.com\/wp-content\/uploads\/2023\/02\/sn-declaration-of-conformity.jpeg 1190w\" sizes=\"(max-width: 566px) 100vw, 566px\" \/>\t\t\t\t\t\t\n\t\t\t\t\t<\/div>\n\t\t\t\t\t\t\t\t\n<style>\n#image_1963790907 {\n  width: 100%;\n}\n<\/style>\n\t<\/div>\n\t\n\t\t<\/div>\n\t\t\t\t\t<\/div>\n\n\t\n<\/div>\n","protected":false},"excerpt":{"rendered":"","protected":false},"author":1,"featured_media":0,"parent":0,"menu_order":0,"comment_status":"closed","ping_status":"closed","template":"page-blank.php","meta":{"footnotes":""},"class_list":["post-793","page","type-page","status-publish","hentry"],"aioseo_notices":[],"_links":{"self":[{"href":"https:\/\/www.silvernurseeu.com\/sk\/wp-json\/wp\/v2\/pages\/793","targetHints":{"allow":["GET"]}}],"collection":[{"href":"https:\/\/www.silvernurseeu.com\/sk\/wp-json\/wp\/v2\/pages"}],"about":[{"href":"https:\/\/www.silvernurseeu.com\/sk\/wp-json\/wp\/v2\/types\/page"}],"author":[{"embeddable":true,"href":"https:\/\/www.silvernurseeu.com\/sk\/wp-json\/wp\/v2\/users\/1"}],"replies":[{"embeddable":true,"href":"https:\/\/www.silvernurseeu.com\/sk\/wp-json\/wp\/v2\/comments?post=793"}],"version-history":[{"count":2,"href":"https:\/\/www.silvernurseeu.com\/sk\/wp-json\/wp\/v2\/pages\/793\/revisions"}],"predecessor-version":[{"id":795,"href":"https:\/\/www.silvernurseeu.com\/sk\/wp-json\/wp\/v2\/pages\/793\/revisions\/795"}],"wp:attachment":[{"href":"https:\/\/www.silvernurseeu.com\/sk\/wp-json\/wp\/v2\/media?parent=793"}],"curies":[{"name":"wp","href":"https:\/\/api.w.org\/{rel}","templated":true}]}}