{"id":799,"date":"2023-02-06T08:59:47","date_gmt":"2023-02-06T08:59:47","guid":{"rendered":"https:\/\/dev.silvernurseeu.com\/najcastejsie-otazky\/"},"modified":"2023-03-23T14:17:51","modified_gmt":"2023-03-23T14:17:51","slug":"najcastejsie-otazky","status":"publish","type":"page","link":"https:\/\/www.silvernurseeu.com\/sk\/najcastejsie-otazky\/","title":{"rendered":"Naj\u010dastej\u0161ie Ot\u00e1zky"},"content":{"rendered":"  <div id=\"page-header-1158419064\" class=\"page-header-wrapper\">\n  <div class=\"page-title dark normal-title\">\n\n        <div class=\"page-title-bg\">\n      <div class=\"title-bg fill bg-fill\"\n        data-parallax-container=\".page-title\"\n        data-parallax-background\n        data-parallax=\"-\">\n      <\/div>\n      <div class=\"title-overlay fill\"><\/div>\n    <\/div>\n    \n    <div class=\"page-title-inner container align-center flex-row medium-flex-wrap\" >\n              <div class=\"title-wrapper flex-col text-left medium-text-center\">\n          <h1 class=\"entry-title mb-0\">\n            Naj\u010dastej\u0161ie Ot\u00e1zky          <\/h1>\n        <\/div>\n                    <div class=\"title-content flex-col flex-right text-right medium-text-center\">\n        <div class=\"title-breadcrumbs pb-half pt-half\"><nav class=\"woocommerce-breadcrumb breadcrumbs uppercase\">Domov<\/nav><\/div>      <\/div>\n    <\/div>\n\n     \n<style>\n#page-header-1158419064 .title-overlay {\n  background-color: rgba(255,255,255,.5);\n}\n#page-header-1158419064 .normal-title {\n  background-color: #a16695;\n}\n<\/style>\n  <\/div>\n    <\/div>\n  \n<div class=\"container section-title-container\" style=\"margin-top:30px;\"><h3 class=\"section-title section-title-normal\"><b><\/b><span class=\"section-title-main\" >Z\u00e1klady SilverNurse<\/span><b><\/b><\/h3><\/div>\n<div class=\"row\"  id=\"row-23201718\">\n\n\t<div id=\"col-1118102167\" class=\"col small-12 large-12\"  >\n\t\t\t\t<div class=\"col-inner\"  >\n\t\t\t\n\t\t\t\n<div class=\"accordion\">\n\t<div id=\"accordion-808338480\" class=\"accordion-item\">\n\t\t<a id=\"accordion-808338480-label\" class=\"accordion-title plain\" href=\"#accordion-item-kedy-pou\u017e\u00edva\u0165-silvernurse?\" aria-expanded=\"false\" aria-controls=\"accordion-808338480-content\" >\n\t\t\t<button class=\"toggle\" aria-label=\"Toggle\"><i class=\"icon-angle-down\"><\/i><\/button>\n\t\t\t<span>Kedy pou\u017e\u00edva\u0165 SilverNurse?<\/span>\n\t\t<\/a>\n\t\t<div id=\"accordion-808338480-content\" class=\"accordion-inner\" aria-labelledby=\"accordion-808338480-label\" >\n\t\t\t\n<p>Kal\u00ed\u0161ky sa m\u00f4\u017eu pou\u017e\u00edva\u0165 na prevenciu, zvy\u010dajne dva t\u00fd\u017edne pred p\u00f4rodom, ale je v poriadku ich za\u010da\u0165 pou\u017e\u00edva\u0165 hne\u010f po p\u00f4rode alebo pri za\u010dat\u00ed kojenia. \u010c\u00edm dlh\u0161ie sa pou\u017e\u00edvaj\u00fa, t\u00fdm lep\u0161ie bud\u00fa v\u00fdsledky<\/p>\n\t\t<\/div>\n\t<\/div>\n\t\n\t<div id=\"accordion-2854823471\" class=\"accordion-item\">\n\t\t<a id=\"accordion-2854823471-label\" class=\"accordion-title plain\" href=\"#accordion-item-m\u00f4\u017ee-sa-silvernurse-pou\u017e\u00edva\u0165-s-in\u00fdmi-produktami?\" aria-expanded=\"false\" aria-controls=\"accordion-2854823471-content\" >\n\t\t\t<button class=\"toggle\" aria-label=\"Toggle\"><i class=\"icon-angle-down\"><\/i><\/button>\n\t\t\t<span>M\u00f4\u017ee sa SilverNurse pou\u017e\u00edva\u0165 s in\u00fdmi produktami?<\/span>\n\t\t<\/a>\n\t\t<div id=\"accordion-2854823471-content\" class=\"accordion-inner\" aria-labelledby=\"accordion-2854823471-label\" >\n\t\t\t\n<p>SilverNurse sa m\u00f4\u017ee pou\u017e\u00edva\u0165 v kombin\u00e1cii s prsn\u00fdmi podlo\u017ekami alebo ods\u00e1va\u010dkami.<br \/>\nAk poh\u00e1riky pou\u017e\u00edvate spolu s prsn\u00fdmi podlo\u017ekami, vlo\u017ete ich na bradavky a prekryte podlo\u017ekou. S\u00fa ur\u010den\u00e9 aj na nosenie po ods\u00e1van\u00ed mlieka.<br \/>\nS\u00fa ur\u010den\u00e9 aj na nosenie po ods\u00e1van\u00ed mlieka.<\/p>\n\t\t<\/div>\n\t<\/div>\n\t\n\t<div id=\"accordion-3458569438\" class=\"accordion-item\">\n\t\t<a id=\"accordion-3458569438-label\" class=\"accordion-title plain\" href=\"#accordion-item-\u010co-zv\u00e1\u017ei\u0165-pri-pou\u017e\u00edvan\u00ed-silvernurse\" aria-expanded=\"false\" aria-controls=\"accordion-3458569438-content\" >\n\t\t\t<button class=\"toggle\" aria-label=\"Toggle\"><i class=\"icon-angle-down\"><\/i><\/button>\n\t\t\t<span>\u010co zv\u00e1\u017ei\u0165 pri pou\u017e\u00edvan\u00ed SilverNurse<\/span>\n\t\t<\/a>\n\t\t<div id=\"accordion-3458569438-content\" class=\"accordion-inner\" aria-labelledby=\"accordion-3458569438-label\" >\n\t\t\t\n<p>Neodpor\u00fa\u010dame pou\u017e\u00edva\u0165 v kombin\u00e1cii so \u017eiadnym kr\u00e9mom ani ple\u0165ovou vodou. Pri kontakte s kr\u00e9mom m\u00f4\u017eu str\u00e1ca\u0165 \u00fa\u010dinnos\u0165. Ak si mysl\u00edte, \u017ee z\u00e1pach zbytku mlieka by mohol iritova\u0165 va\u0161e b\u00e1b\u00e4tko, opl\u00e1chnite bradavky pred doj\u010den\u00edm \u010distou vodou.<\/p>\n\t\t<\/div>\n\t<\/div>\n\t\n\t<div id=\"accordion-2578570206\" class=\"accordion-item\">\n\t\t<a id=\"accordion-2578570206-label\" class=\"accordion-title plain\" href=\"#accordion-item-ako-sa-silvernurse-\u010dist\u00ed?\" aria-expanded=\"false\" aria-controls=\"accordion-2578570206-content\" >\n\t\t\t<button class=\"toggle\" aria-label=\"Toggle\"><i class=\"icon-angle-down\"><\/i><\/button>\n\t\t\t<span>Ako sa SilverNurse \u010dist\u00ed?<\/span>\n\t\t<\/a>\n\t\t<div id=\"accordion-2578570206-content\" class=\"accordion-inner\" aria-labelledby=\"accordion-2578570206-label\" >\n\t\t\t\n<p>Poh\u00e1riky s\u00fa ur\u010den\u00e9 na neobmedzen\u00e9 pou\u017e\u00edvanie a preto\u017ee striebro m\u00e1 samo-dezinfek\u010dn\u00fa vlastnos\u0165, nie je nutn\u00e9 ho um\u00fdva\u0165 \u010dasto. Odpor\u00fa\u010dame ho raz za mesiac vy\u010disti\u0165 pomocou s\u00f3dy bikarb\u00f3ny a poriadne opl\u00e1chnu\u0165, na dennej b\u00e1ze sta\u010d\u00ed kal\u00ed\u0161ky prepl\u00e1chnu\u0165 vodou. V \u017eiadnom pr\u00edpade na ich \u010distenie nepou\u017e\u00edvajte \u010distiace prostriedky, riedidlo, ani dezinfekciu, ktor\u00e9 nie s\u00fa vhodn\u00e9 na um\u00fdvanie striebra.<\/p>\n\t\t<\/div>\n\t<\/div>\n\t\n\t<div id=\"accordion-3685642109\" class=\"accordion-item\">\n\t\t<a id=\"accordion-3685642109-label\" class=\"accordion-title plain\" href=\"#accordion-item-ak\u00e9-je-zlo\u017eenie-produktov-silvernurse?\" aria-expanded=\"false\" aria-controls=\"accordion-3685642109-content\" >\n\t\t\t<button class=\"toggle\" aria-label=\"Toggle\"><i class=\"icon-angle-down\"><\/i><\/button>\n\t\t\t<span>Ak\u00e9 je zlo\u017eenie produktov SilverNurse?<\/span>\n\t\t<\/a>\n\t\t<div id=\"accordion-3685642109-content\" class=\"accordion-inner\" aria-labelledby=\"accordion-3685642109-label\" >\n\t\t\t\n<p>SilverNurse nemaj\u00fa obmedzen\u00fa spotrebu a ich \u00fa\u010dinnos\u0165 sa \u010dasom nezni\u017euje. 925 striebro je naj\u010distej\u0161ia forma spracovan\u00e9ho striebra a preto na poh\u00e1riky plat\u00ed do\u017eivotn\u00e1 z\u00e1ruka. Na\u0161e produkty neobsahuj\u00fa nikel.<\/p>\n<p>Vlastnosti striebra s\u00fa definovan\u00e9 v syst\u00e9me tis\u00edcky a hodnota naj\u010distej\u0161ieho striebra sa pova\u017euje za 1000. Komer\u010dn\u00e9 striebro m\u00e1 hodnotu 999. 925 je hodnota tzv. mincov\u00e9ho striebra, ktor\u00e9 sa pou\u017e\u00edva v klenotn\u00edctve a pri v\u00fdrobe \u0161perkov. SilverNurse je ru\u010dne vyroben\u00e9 z 925 puncu striebra. Hmotnos\u0165 v\u00fdrobkov sa pohybuje medzi 6-7 gramami. Rozdiel v gram\u00e1\u017ei je zapr\u00ed\u010dinen\u00fd ru\u010dnou v\u00fdrobou. Na\u0161e produkty neobsahuj\u00fa nikel.<\/p>\n\t\t<\/div>\n\t<\/div>\n\t\n\t<div id=\"accordion-4128806503\" class=\"accordion-item\">\n\t\t<a id=\"accordion-4128806503-label\" class=\"accordion-title plain\" href=\"#accordion-item-\u010co-je-to-iso-&#038;-ce-certifik\u00e1t?\" aria-expanded=\"false\" aria-controls=\"accordion-4128806503-content\" >\n\t\t\t<button class=\"toggle\" aria-label=\"Toggle\"><i class=\"icon-angle-down\"><\/i><\/button>\n\t\t\t<span>\u010co je to ISO &amp; CE certifik\u00e1t?<\/span>\n\t\t<\/a>\n\t\t<div id=\"accordion-4128806503-content\" class=\"accordion-inner\" aria-labelledby=\"accordion-4128806503-label\" >\n\t\t\t\n<p>ISO 9001 Certifik\u00e1t uis\u0165uje, \u017ee produkty alebo slu\u017eby pr\u00edslu\u0161nej organiz\u00e1cie s\u00fa vytvoren\u00e9 kontrolovan\u00fdm riaden\u00edm a produkt je dod\u00e1van\u00fd a spravovan\u00fd v s\u00falade s medzin\u00e1rodne akceptovan\u00fdm syst\u00e9mom riadenia, a teda je mo\u017en\u00e9 zaru\u010di\u0165 kontinuitu kvality v\u00fdrobkov.<\/p>\n<p>Zn\u00e1mka CE ozna\u010duje produkty, ktor\u00e9 s\u00fa v s\u00falade s Eur\u00f3pskym \u0161tandardom kvality, a produkty pod t\u00fdmto ozna\u010den\u00edm s\u00fa kontrolovan\u00e9 a ohodnoten\u00e9 pod\u013ea bezpe\u010dnostn\u00fdch, zdravotn\u00fdch a ekologick\u00fdch po\u017eiadaviek.<\/p>\n\t\t<\/div>\n\t<\/div>\n\t\n<\/div>\n\t\t<\/div>\n\t\t\t\t\t<\/div>\n\n\t\n<\/div>\n<div class=\"container section-title-container\" style=\"margin-top:30px;\"><h3 class=\"section-title section-title-normal\"><b><\/b><span class=\"section-title-main\" >Vr\u00e1tenie<\/span><b><\/b><\/h3><\/div>\n<div class=\"row\"  id=\"row-993939799\">\n\n\t<div id=\"col-957166953\" class=\"col small-12 large-12\"  >\n\t\t\t\t<div class=\"col-inner\"  >\n\t\t\t\n\t\t\t\n<div class=\"accordion\">\n\t<div id=\"accordion-1748330184\" class=\"accordion-item\">\n\t\t<a id=\"accordion-1748330184-label\" class=\"accordion-title plain\" href=\"#accordion-item-m\u00f4\u017eem-d\u00f4verova\u0165-silvernurse?\" aria-expanded=\"false\" aria-controls=\"accordion-1748330184-content\" >\n\t\t\t<button class=\"toggle\" aria-label=\"Toggle\"><i class=\"icon-angle-down\"><\/i><\/button>\n\t\t\t<span>M\u00f4\u017eem d\u00f4verova\u0165 SilverNurse?<\/span>\n\t\t<\/a>\n\t\t<div id=\"accordion-1748330184-content\" class=\"accordion-inner\" aria-labelledby=\"accordion-1748330184-label\" >\n\t\t\t\n<p>V SilverNurse si d\u00e1vame za \u00falohu zabezpe\u010di\u0165 100% spokojnos\u0165 z\u00e1kazn\u00edkov. Poskytujeme mo\u017enos\u0165 vr\u00e1tenia v\u00fdrobku do 14 dn\u00ed bez udania d\u00f4vodu<\/p>\n\t\t<\/div>\n\t<\/div>\n\t\n\t<div id=\"accordion-3074392792\" class=\"accordion-item\">\n\t\t<a id=\"accordion-3074392792-label\" class=\"accordion-title plain\" href=\"#accordion-item-m\u00f4\u017ee-sa-silvernurse-pou\u017e\u00edva\u0165-s-in\u00fdmi-produktami?\" aria-expanded=\"false\" aria-controls=\"accordion-3074392792-content\" >\n\t\t\t<button class=\"toggle\" aria-label=\"Toggle\"><i class=\"icon-angle-down\"><\/i><\/button>\n\t\t\t<span>M\u00f4\u017ee sa SilverNurse pou\u017e\u00edva\u0165 s in\u00fdmi produktami?<\/span>\n\t\t<\/a>\n\t\t<div id=\"accordion-3074392792-content\" class=\"accordion-inner\" aria-labelledby=\"accordion-3074392792-label\" >\n\t\t\t\n<p>Aby ste n\u00e1m mohli d\u00f4verova\u0165, m\u00e1me akreditovan\u00e9 laborat\u00f3rne v\u00fdsledky a CE a ISO certifik\u00e1ty.<\/p>\n\t\t<\/div>\n\t<\/div>\n\t\n<\/div>\n\t\t<\/div>\n\t\t\t\t\t<\/div>\n\n\t\n<\/div>\n<div class=\"container section-title-container\" style=\"margin-top:30px;\"><h3 class=\"section-title section-title-normal\"><b><\/b><span class=\"section-title-main\" >St\u00e1le m\u00e1te ot\u00e1zky?<\/span><b><\/b><\/h3><\/div>\n<div class=\"row\"  id=\"row-2008700505\">\n\n\t<div id=\"col-1386798279\" class=\"col medium-4 small-12 large-4\"  >\n\t\t\t\t<div class=\"col-inner\"  >\n\t\t\t\n\t\t\t\n<p><a href=\"https:\/\/www.silvernurseeu.com\/sk\/kontaktujte-nas\/\" class=\"lead\">Kontaktujte n\u00e1s<\/a><\/p>\n\t\t<\/div>\n\t\t\t\t\t<\/div>\n\n\t\n\n\t<div id=\"col-952604044\" class=\"col sn-contact-form-wrap medium-8 small-12 large-8\"  >\n\t\t\t\t<div class=\"col-inner\"  >\n\t\t\t\n\t\t\t\n<p class=\"wpcf7-contact-form-not-found\"><strong>Error:<\/strong> Contact form not found.<\/p>\n\t\t<\/div>\n\t\t\t\t\t<\/div>\n\n\t\n<\/div>\n","protected":false},"excerpt":{"rendered":"","protected":false},"author":1,"featured_media":0,"parent":0,"menu_order":0,"comment_status":"closed","ping_status":"closed","template":"page-blank.php","meta":{"footnotes":""},"class_list":["post-799","page","type-page","status-publish","hentry"],"aioseo_notices":[],"_links":{"self":[{"href":"https:\/\/www.silvernurseeu.com\/sk\/wp-json\/wp\/v2\/pages\/799","targetHints":{"allow":["GET"]}}],"collection":[{"href":"https:\/\/www.silvernurseeu.com\/sk\/wp-json\/wp\/v2\/pages"}],"about":[{"href":"https:\/\/www.silvernurseeu.com\/sk\/wp-json\/wp\/v2\/types\/page"}],"author":[{"embeddable":true,"href":"https:\/\/www.silvernurseeu.com\/sk\/wp-json\/wp\/v2\/users\/1"}],"replies":[{"embeddable":true,"href":"https:\/\/www.silvernurseeu.com\/sk\/wp-json\/wp\/v2\/comments?post=799"}],"version-history":[{"count":2,"href":"https:\/\/www.silvernurseeu.com\/sk\/wp-json\/wp\/v2\/pages\/799\/revisions"}],"predecessor-version":[{"id":801,"href":"https:\/\/www.silvernurseeu.com\/sk\/wp-json\/wp\/v2\/pages\/799\/revisions\/801"}],"wp:attachment":[{"href":"https:\/\/www.silvernurseeu.com\/sk\/wp-json\/wp\/v2\/media?parent=799"}],"curies":[{"name":"wp","href":"https:\/\/api.w.org\/{rel}","templated":true}]}}