{"id":738,"date":"2023-02-08T15:23:13","date_gmt":"2023-02-08T15:23:13","guid":{"rendered":"https:\/\/dev.silvernurseeu.com\/product\/strieborna-ochrana-silvernurse-na-bradavky-prsia\/"},"modified":"2025-08-26T10:57:33","modified_gmt":"2025-08-26T10:57:33","slug":"protective-silvernurse-nipple-cups-for-pregnant-and-breastfeeding-mothers","status":"publish","type":"product","link":"https:\/\/www.silvernurseeu.com\/sk\/produkt\/protective-silvernurse-nipple-cups-for-pregnant-and-breastfeeding-mothers\/","title":{"rendered":"Strieborn\u00e1 ochrana SilverNurse\u00ae na bradavky\/prsia"},"content":{"rendered":"<p><b>\u010co je to SilverNurse?<\/b><\/p>\n<p>Silver Nurse Cups s\u00fa mal\u00e9 poh\u00e1riky odliate z \u010dist\u00e9ho 925 Striebra, ktor\u00e9 chr\u00e1nia bradavky po\u010das doj\u010denia a br\u00e1nia ich podr\u00e1\u017edeniu. Striebro je pr\u00edrodn\u00fd antimikrobi\u00e1lny, protiples\u0148ov\u00fd a antibakteri\u00e1lny kov, ktor\u00fd tie\u017e obsahuje protiz\u00e1palov\u00e9 l\u00e1tky. Pom\u00e1ha lie\u010di\u0165 a zamedzuje porezaniu, popraskaniu, vysychaniu a zabra\u0148uje infekcii.Poskytuje \u00fa\u013eavu od bolestiv\u00fdch a popraskan\u00fdch bradaviek, \u010d\u00edm zabezpe\u010duje dlh\u0161ie kojenie.<\/p>\n<p><b>Ako pou\u017e\u00edva\u0165 SilverNurse<\/b><\/p>\n<p>Aby ste zabr\u00e1nili alebo zmiernili boles\u0165 doj\u010diacich bradaviek, nechajte na konci doj\u010denia v ka\u017edom poh\u00e1riku p\u00e1r kvapiek matersk\u00e9ho mlieka a priamo nimi prekryte bradavky Medzi doj\u010den\u00edm sa sna\u017ete ma\u0165 SilverNurse nasaden\u00fd tak \u010dasto, ako je to mo\u017en\u00e9. Pred za\u010diatkom doj\u010denia je potrebn\u00e9 poh\u00e1riky v\u017edy s\u0148a\u0165. Nepou\u017e\u00edvajte \u017eiadne in\u00e9 o\u0161etrenie bradaviek v kombin\u00e1cii so SilverNurse, preto\u017ee by to mohlo naru\u0161i\u0165 alebo zn\u00ed\u017ei\u0165 \u00fa\u010dinnos\u0165 produktu.<\/p>\n<p>SilverNurse Nursing Cups s\u00fa ru\u010dne vyr\u00e1ban\u00e9, tak\u017ee m\u00f4\u017eu obsahova\u0165 mierne povrchov\u00e9 nedostatky, ktor\u00e9 s\u00fa v\u0161ak \u010disto kozmetick\u00e9 a \u017eiadnym sp\u00f4sobom neovplyv\u0148uj\u00fa \u00fa\u010dinnos\u0165 alebo bezpe\u010dnos\u0165 produktu. Oxid\u00e1cia (sfarbenie) sa na striebre vyskytuje prirodzene a nem\u00e1 \u017eiadny vplyv na \u00fa\u010dinnos\u0165 ani bezpe\u010dnos\u0165 produktu. Dodr\u017eujte pokyny pou\u017e\u00edvania, aby ste zabr\u00e1nili potenci\u00e1lnemu po\u0161kodeniu povrchov poh\u00e1rov SilverNurse, a pravidelne ich \u010distite.<\/p>\n<p><b>Vlastnosti<\/b><\/p>\n<ul>\n<li>vysok\u00fd \u0161tandard kvality (CE a ISO certifik\u00e1ty)<\/li>\n<li>klinicky testovan\u00e9<\/li>\n<li>100% ru\u010dn\u00e1 v\u00fdroba<\/li>\n<li>neobsahuje nikel<\/li>\n<li>jednoduch\u00e9 a komfortn\u00e9 pou\u017eitie<\/li>\n<li>univerz\u00e1lna ve\u013ekos\u0165<\/li>\n<li>na v\u00fdrobu pou\u017eit\u00e9 iba striebro 925<\/li>\n<li>funguje ako fyzick\u00fd \u0161t\u00edt proti treniu<\/li>\n<li>nem\u00e1 vplyv na chu\u0165 alebo v\u00f4\u0148u matersk\u00e9ho mlieka<\/li>\n<li>nie je potrebn\u00e9 pou\u017eitie kr\u00e9mu, die\u0165a teda nie je vystaven\u00e9 \u017eiadnym chemik\u00e1li\u00e1m<\/li>\n<li>m\u00f4\u017eu by\u0165 pou\u017e\u00edvan\u00e9 od posledn\u00e9ho t\u00fd\u017ed\u0148a tehotenstva<\/li>\n<li>uskladnite\u013en\u00e9 v pl\u00e1tenom obale, ktor\u00fd je s\u00fa\u010das\u0165ou balenia<\/li>\n<\/ul>\n<p><b>Opor\u00fa\u010dania pri pou\u017e\u00edvan\u00ed:<\/b><\/p>\n<p>Poh\u00e1riky na bradavky si vlo\u017ete do podprsenky a majte ich nasaden\u00e9 neust\u00e1le, okrem doj\u010denia.<\/p>\n<p><b>Pou\u017eitie pri doj\u010den\u00ed:<\/b><\/p>\n<p>Odpor\u00fa\u010dame pou\u017e\u00edva\u0165 pri v\u0161etk\u00fdch f\u00e1zach doj\u010denia, vr\u00e1tane d\u0148a aj noci po naroden\u00ed.<\/p>\n<p><b>\u010cistenie:<\/b><\/p>\n<ul>\n<li>nie je potrebn\u00e9 bradavky um\u00fdva\u0165 ani pou\u017e\u00edva\u0165 pred doj\u010den\u00edm kr\u00e9m<\/li>\n<li>nie je potrebn\u00e9 \u010dasto \u010disti\u0165, preto\u017ee produkt je vyroben\u00fd z 925 striebra<\/li>\n<li>zvy\u0161ky mlieka v poh\u00e1rikoch sta\u010d\u00ed opl\u00e1chnu\u0165 vodou a usu\u0161i\u0165<\/li>\n<li>produkt by sa nemal \u010disti\u0165 so \u017eiadnymi chemick\u00fdmi l\u00e1tkami ako napr\u00edklad alkohol alebo bielidlo<\/li>\n<li>pre zabr\u00e1nenie oxid\u00e1cii SilverNurse poh\u00e1rikov, je odpor\u00fa\u010dan\u00e9 \u010distenie pomocou s\u00f3dy bikarb\u00f3ny raz za mesiac<\/li>\n<li>po \u010disten\u00ed je d\u00f4le\u017eit\u00e9 produkt d\u00f4kladne opl\u00e1chnu\u0165 a vysu\u0161i\u0165<\/li>\n<li>\u013eudia alergick\u00ed na striebro by produkt v \u017eiadnom pr\u00edpade nemali pou\u017e\u00edva\u0165<\/li>\n<\/ul>\n<p><b>Rozmery produktu<\/b><\/p>\n<p>Tento produkt sa dod\u00e1va v dvoch ve\u013ekostiach:<\/p>\n<table width=\"501\" id=\"size_chart\">\n<tbody>\n<tr>\n<td width=\"87\"><\/td>\n<td width=\"87\">\u0160\u00cdRKA<\/td>\n<td width=\"87\">V\u00dd\u0160KA<\/td>\n<td width=\"133\">VE\u013dKOS\u0164 PODPRSENKY<\/td>\n<td width=\"107\">Ve\u013ekos\u0165 areola<\/td>\n<\/tr>\n<tr>\n<td>normal<\/td>\n<td>4.3cm<\/td>\n<td>1.6cm<\/td>\n<td>Ve\u013ekos\u0165 C a men\u0161ie<\/td>\n<td>5cm a men\u0161ie<\/td>\n<\/tr>\n<tr>\n<td>XL<\/td>\n<td>5.5cm<\/td>\n<td>1.6cm<\/td>\n<td>Ve\u013ekos\u0165 D a viac<\/td>\n<td>5cm a viac<\/td>\n<\/tr>\n<\/tbody>\n<\/table>\n","protected":false},"excerpt":{"rendered":"<p>Mal\u00e9 poh\u00e1riky odliate z \u010dist\u00e9ho 925 Striebra, ktor\u00e9 chr\u00e1nia bradavky po\u010das doj\u010denia .<\/p>\n<p>Tento produkt sa dod\u00e1va v dvoch ve\u013ekostiach. Pred k\u00fapou si pozrite <a href=\"#size_chart\">ve\u013ekostn\u00fa tabu\u013eku<\/a><\/p>\n","protected":false},"featured_media":955,"comment_status":"open","ping_status":"closed","template":"","meta":[],"product_brand":[],"product_cat":[114],"product_tag":[124,126,134],"class_list":{"0":"post-738","1":"product","2":"type-product","3":"status-publish","4":"has-post-thumbnail","6":"product_cat-silver-nurse-sk","7":"product_tag-dieta","8":"product_tag-kojenie","9":"product_tag-silver-nurse-sk","11":"first","12":"instock","13":"taxable","14":"shipping-taxable","15":"purchasable","16":"product-type-simple"},"aioseo_notices":[],"_links":{"self":[{"href":"https:\/\/www.silvernurseeu.com\/sk\/wp-json\/wp\/v2\/product\/738","targetHints":{"allow":["GET"]}}],"collection":[{"href":"https:\/\/www.silvernurseeu.com\/sk\/wp-json\/wp\/v2\/product"}],"about":[{"href":"https:\/\/www.silvernurseeu.com\/sk\/wp-json\/wp\/v2\/types\/product"}],"replies":[{"embeddable":true,"href":"https:\/\/www.silvernurseeu.com\/sk\/wp-json\/wp\/v2\/comments?post=738"}],"wp:featuredmedia":[{"embeddable":true,"href":"https:\/\/www.silvernurseeu.com\/sk\/wp-json\/wp\/v2\/media\/955"}],"wp:attachment":[{"href":"https:\/\/www.silvernurseeu.com\/sk\/wp-json\/wp\/v2\/media?parent=738"}],"wp:term":[{"taxonomy":"product_brand","embeddable":true,"href":"https:\/\/www.silvernurseeu.com\/sk\/wp-json\/wp\/v2\/product_brand?post=738"},{"taxonomy":"product_cat","embeddable":true,"href":"https:\/\/www.silvernurseeu.com\/sk\/wp-json\/wp\/v2\/product_cat?post=738"},{"taxonomy":"product_tag","embeddable":true,"href":"https:\/\/www.silvernurseeu.com\/sk\/wp-json\/wp\/v2\/product_tag?post=738"}],"curies":[{"name":"wp","href":"https:\/\/api.w.org\/{rel}","templated":true}]}}